


{"id":116,"date":"2025-04-21T15:04:48","date_gmt":"2025-04-21T15:04:48","guid":{"rendered":"https:\/\/vilinloncic.com\/wordpress\/?page_id=116"},"modified":"2026-01-22T19:53:07","modified_gmt":"2026-01-22T19:53:07","slug":"kolumne","status":"publish","type":"page","link":"https:\/\/vilinloncic.com\/wordpress\/kolumne\/","title":{"rendered":"Kolumne"},"content":{"rendered":"\n<figure class=\"wp-block-image\"><img decoding=\"async\" src=\"https:\/\/static.xx.fbcdn.net\/images\/emoji.php\/v9\/t3a\/2\/16\/1f33c.png\" alt=\"\ud83c\udf3c\"\/><\/figure>\n\n\n\n<p>S rado\u0161\u0107u vas pozivam u svijet ljekovitog bilja, mirisnih trava i tihe mudrosti prirode. Moje kolumne mo\u017eete \u010ditati na portalu <a href=\"http:\/\/teklic.hr\/?fbclid=IwZXh0bgNhZW0CMTAAAR4Q5dABPLbBrSrt_YFsDFkFuij8QJ5WdwMCFFIrn4oVQpImA22kXMUvX-5NWw_aem_F-r2MjGxYivE6TANnModYQ\" target=\"_blank\" rel=\"noreferrer noopener\"><strong>teklic.hr<\/strong><\/a> , u rubrici <em>\u201eLeonorin biljni kutak\u201c<\/em><\/p>\n\n\n\n<figure class=\"wp-block-image\"><img decoding=\"async\" src=\"https:\/\/static.xx.fbcdn.net\/images\/emoji.php\/v9\/tbd\/2\/16\/1f33f.png\" alt=\"\ud83c\udf3f\"\/><\/figure>\n\n\n\n<p>Ovdje \u0107u dijeliti pr<a><\/a>i\u010de i savjete o ljekovitom bilju, njihovim \u010darobnim svojstvima i na\u010dinima na koje nam mogu pomo\u0107i u o\u010duvanju zdravlja i blagostanja. U ovoj kolumni istra\u017eit \u0107emo blagodati prirode i otkriti kako jednostavne biljke mogu obogatiti na\u0161 svakodnevni \u017eivot. Pridru\u017eite mi se na ovom putovanju i otkrijmo zajedno \u010daroliju biljaka!<\/p>\n\n\n\n<figure class=\"wp-block-image\"><img decoding=\"async\" src=\"https:\/\/static.xx.fbcdn.net\/images\/emoji.php\/v9\/t3a\/2\/16\/1f33c.png\" alt=\"\ud83c\udf3c\"\/><\/figure>\n\n\n\n<figure class=\"wp-block-embed is-type-wp-embed is-provider-tekli wp-block-embed-tekli\"><div class=\"wp-block-embed__wrapper\">\n<blockquote class=\"wp-embedded-content\" data-secret=\"BTYJ8r94Z0\"><a href=\"https:\/\/www.teklic.hr\/lifestyle-trend\/leonorin-biljni-kutak-ruza-moje-none\/304276\/\">Leonorin biljni kutak: Ru\u017ea moje none<\/a><\/blockquote><iframe loading=\"lazy\" class=\"wp-embedded-content\" sandbox=\"allow-scripts\" security=\"restricted\" style=\"position: absolute; visibility: hidden;\" title=\"&#8220;Leonorin biljni kutak: Ru\u017ea moje none&#8221; &#8212; Tekli\u0107\" src=\"https:\/\/www.teklic.hr\/lifestyle-trend\/leonorin-biljni-kutak-ruza-moje-none\/304276\/embed\/#?secret=CPvcXr2khP#?secret=BTYJ8r94Z0\" data-secret=\"BTYJ8r94Z0\" width=\"500\" height=\"282\" frameborder=\"0\" marginwidth=\"0\" marginheight=\"0\" scrolling=\"no\"><\/iframe>\n<\/div><\/figure>\n\n\n\n<figure class=\"wp-block-embed is-type-wp-embed is-provider-tekli wp-block-embed-tekli\"><div class=\"wp-block-embed__wrapper\">\n<blockquote class=\"wp-embedded-content\" data-secret=\"mE2j87FwaP\"><a href=\"https:\/\/www.teklic.hr\/lifestyle-trend\/leonorin-biljni-kutak-majcina-dusica-miris-djetinjstva-melem-za-dusu\/303025\/\">Leonorin biljni kutak: Maj\u010dina du\u0161ica \u2013 miris djetinjstva, melem za du\u0161u<\/a><\/blockquote><iframe loading=\"lazy\" class=\"wp-embedded-content\" sandbox=\"allow-scripts\" security=\"restricted\" style=\"position: absolute; visibility: hidden;\" title=\"&#8220;Leonorin biljni kutak: Maj\u010dina du\u0161ica \u2013 miris djetinjstva, melem za du\u0161u&#8221; &#8212; Tekli\u0107\" src=\"https:\/\/www.teklic.hr\/lifestyle-trend\/leonorin-biljni-kutak-majcina-dusica-miris-djetinjstva-melem-za-dusu\/303025\/embed\/#?secret=EZBPIcThPB#?secret=mE2j87FwaP\" data-secret=\"mE2j87FwaP\" width=\"500\" height=\"282\" frameborder=\"0\" marginwidth=\"0\" marginheight=\"0\" scrolling=\"no\"><\/iframe>\n<\/div><\/figure>\n\n\n\n<figure class=\"wp-block-embed is-type-wp-embed is-provider-tekli wp-block-embed-tekli\"><div class=\"wp-block-embed__wrapper\">\n<blockquote class=\"wp-embedded-content\" data-secret=\"zEaw1ppgvd\"><a href=\"https:\/\/www.teklic.hr\/lifestyle-trend\/sve-tajne-svemocnog-maslacka-otkriva-nam-leonora-surian\/301657\/\">Leonorin biljni kutak: Sve tajne svemo\u0107nog masla\u010dka otkriva nam Leonora Surian<\/a><\/blockquote><iframe loading=\"lazy\" class=\"wp-embedded-content\" sandbox=\"allow-scripts\" security=\"restricted\" style=\"position: absolute; visibility: hidden;\" title=\"&#8220;Leonorin biljni kutak: Sve tajne svemo\u0107nog masla\u010dka otkriva nam Leonora Surian&#8221; &#8212; Tekli\u0107\" src=\"https:\/\/www.teklic.hr\/lifestyle-trend\/sve-tajne-svemocnog-maslacka-otkriva-nam-leonora-surian\/301657\/embed\/#?secret=B0BB42biFr#?secret=zEaw1ppgvd\" data-secret=\"zEaw1ppgvd\" width=\"500\" height=\"282\" frameborder=\"0\" marginwidth=\"0\" marginheight=\"0\" scrolling=\"no\"><\/iframe>\n<\/div><\/figure>\n\n\n\n<figure class=\"wp-block-embed is-type-wp-embed is-provider-tekli wp-block-embed-tekli\"><div class=\"wp-block-embed__wrapper\">\n<blockquote class=\"wp-embedded-content\" data-secret=\"5NCk5Kv1jw\"><a href=\"https:\/\/www.teklic.hr\/lifestyle-trend\/leonorin-biljni-kutak-ivanjsko-cvijece-gallium-verum-zlatna-nit-prirode\/308769\/\">Leonorin biljni kutak: Ivanjsko cvije\u0107e (Gallium verum) \u2013 zlatna nit prirode<\/a><\/blockquote><iframe loading=\"lazy\" class=\"wp-embedded-content\" sandbox=\"allow-scripts\" security=\"restricted\" style=\"position: absolute; visibility: hidden;\" title=\"&#8220;Leonorin biljni kutak: Ivanjsko cvije\u0107e (Gallium verum) \u2013 zlatna nit prirode&#8221; &#8212; Tekli\u0107\" src=\"https:\/\/www.teklic.hr\/lifestyle-trend\/leonorin-biljni-kutak-ivanjsko-cvijece-gallium-verum-zlatna-nit-prirode\/308769\/embed\/#?secret=izeULwHSCj#?secret=5NCk5Kv1jw\" data-secret=\"5NCk5Kv1jw\" width=\"500\" height=\"282\" frameborder=\"0\" marginwidth=\"0\" marginheight=\"0\" scrolling=\"no\"><\/iframe>\n<\/div><\/figure>\n\n\n\n<figure class=\"wp-block-embed is-type-wp-embed is-provider-tekli wp-block-embed-tekli\"><div class=\"wp-block-embed__wrapper\">\n<blockquote class=\"wp-embedded-content\" data-secret=\"sSgZZfA3dB\"><a href=\"https:\/\/www.teklic.hr\/lifestyle-trend\/leonorin-biljni-kutak-kantarion-biljka-svjetlosti-i-tajnih-rana\/305485\/\">Leonorin biljni kutak: Kantarion \u2013 biljka svjetlosti i tajnih rana<\/a><\/blockquote><iframe loading=\"lazy\" class=\"wp-embedded-content\" sandbox=\"allow-scripts\" security=\"restricted\" style=\"position: absolute; visibility: hidden;\" title=\"&#8220;Leonorin biljni kutak: Kantarion \u2013 biljka svjetlosti i tajnih rana&#8221; &#8212; Tekli\u0107\" src=\"https:\/\/www.teklic.hr\/lifestyle-trend\/leonorin-biljni-kutak-kantarion-biljka-svjetlosti-i-tajnih-rana\/305485\/embed\/#?secret=kStPwkpIXu#?secret=sSgZZfA3dB\" data-secret=\"sSgZZfA3dB\" width=\"500\" height=\"282\" frameborder=\"0\" marginwidth=\"0\" marginheight=\"0\" scrolling=\"no\"><\/iframe>\n<\/div><\/figure>\n\n\n\n<figure class=\"wp-block-embed is-type-wp-embed is-provider-tekli wp-block-embed-tekli\"><div class=\"wp-block-embed__wrapper\">\n<blockquote class=\"wp-embedded-content\" data-secret=\"RTMh5fQkmx\"><a href=\"https:\/\/www.teklic.hr\/lifestyle-trend\/leonorin-biljni-kutak-lavanda-miris-djetinjstva-i-bajka-mog-vrta\/307051\/\">Leonorin biljni kutak: Lavanda \u2013 miris djetinjstva i bajka mog vrta<\/a><\/blockquote><iframe loading=\"lazy\" class=\"wp-embedded-content\" sandbox=\"allow-scripts\" security=\"restricted\" style=\"position: absolute; visibility: hidden;\" title=\"&#8220;Leonorin biljni kutak: Lavanda \u2013 miris djetinjstva i bajka mog vrta&#8221; &#8212; Tekli\u0107\" src=\"https:\/\/www.teklic.hr\/lifestyle-trend\/leonorin-biljni-kutak-lavanda-miris-djetinjstva-i-bajka-mog-vrta\/307051\/embed\/#?secret=DWubBBkegt#?secret=RTMh5fQkmx\" data-secret=\"RTMh5fQkmx\" width=\"500\" height=\"282\" frameborder=\"0\" marginwidth=\"0\" marginheight=\"0\" scrolling=\"no\"><\/iframe>\n<\/div><\/figure>\n\n\n\n<figure class=\"wp-block-embed is-type-wp-embed is-provider-tekli wp-block-embed-tekli\"><div class=\"wp-block-embed__wrapper\">\n<blockquote class=\"wp-embedded-content\" data-secret=\"9CzcIvuLL9\"><a href=\"https:\/\/www.teklic.hr\/lifestyle-trend\/leonorin-biljni-kutak-vrisak-snaga-koja-raste-iz-kamena\/310868\/\">Leonorin biljni kutak: Vrisak \u2013 snaga koja raste iz kamena<\/a><\/blockquote><iframe loading=\"lazy\" class=\"wp-embedded-content\" sandbox=\"allow-scripts\" security=\"restricted\" style=\"position: absolute; visibility: hidden;\" title=\"&#8220;Leonorin biljni kutak: Vrisak \u2013 snaga koja raste iz kamena&#8221; &#8212; Tekli\u0107\" src=\"https:\/\/www.teklic.hr\/lifestyle-trend\/leonorin-biljni-kutak-vrisak-snaga-koja-raste-iz-kamena\/310868\/embed\/#?secret=O8LWi2IP9n#?secret=9CzcIvuLL9\" data-secret=\"9CzcIvuLL9\" width=\"500\" height=\"282\" frameborder=\"0\" marginwidth=\"0\" marginheight=\"0\" scrolling=\"no\"><\/iframe>\n<\/div><\/figure>\n\n\n\n<figure class=\"wp-block-embed is-type-wp-embed is-provider-tekli wp-block-embed-tekli\"><div class=\"wp-block-embed__wrapper\">\n<blockquote class=\"wp-embedded-content\" data-secret=\"gbrT7YgZrN\"><a href=\"https:\/\/www.teklic.hr\/lifestyle-trend\/leonorin-biljni-kutak-jaglac-primula-vulgaris\/299920\/\">Leonorin biljni kutak: Jaglac (Primula vulgaris)<\/a><\/blockquote><iframe loading=\"lazy\" class=\"wp-embedded-content\" sandbox=\"allow-scripts\" security=\"restricted\" style=\"position: absolute; visibility: hidden;\" title=\"&#8220;Leonorin biljni kutak: Jaglac (Primula vulgaris)&#8221; &#8212; Tekli\u0107\" src=\"https:\/\/www.teklic.hr\/lifestyle-trend\/leonorin-biljni-kutak-jaglac-primula-vulgaris\/299920\/embed\/#?secret=dWrL8WJ6GU#?secret=gbrT7YgZrN\" data-secret=\"gbrT7YgZrN\" width=\"500\" height=\"282\" frameborder=\"0\" marginwidth=\"0\" marginheight=\"0\" scrolling=\"no\"><\/iframe>\n<\/div><\/figure>\n\n\n\n<figure class=\"wp-block-embed is-type-wp-embed is-provider-tekli wp-block-embed-tekli\"><div class=\"wp-block-embed__wrapper\">\n<blockquote class=\"wp-embedded-content\" data-secret=\"7h7NeuF7yf\"><a href=\"https:\/\/www.teklic.hr\/lifestyle-trend\/leonorin-biljni-kutak-smokva-slatka-carolija-ljeta-i-zdravlja\/309322\/\">Leonorin biljni kutak: Smokva \u2013 slatka \u010darolija ljeta i zdravlja<\/a><\/blockquote><iframe loading=\"lazy\" class=\"wp-embedded-content\" sandbox=\"allow-scripts\" security=\"restricted\" style=\"position: absolute; visibility: hidden;\" title=\"&#8220;Leonorin biljni kutak: Smokva \u2013 slatka \u010darolija ljeta i zdravlja&#8221; &#8212; Tekli\u0107\" src=\"https:\/\/www.teklic.hr\/lifestyle-trend\/leonorin-biljni-kutak-smokva-slatka-carolija-ljeta-i-zdravlja\/309322\/embed\/#?secret=ndkWPJpMu4#?secret=7h7NeuF7yf\" data-secret=\"7h7NeuF7yf\" width=\"500\" height=\"282\" frameborder=\"0\" marginwidth=\"0\" marginheight=\"0\" scrolling=\"no\"><\/iframe>\n<\/div><\/figure>\n\n\n\n<figure class=\"wp-block-embed is-type-wp-embed is-provider-tekli wp-block-embed-tekli\"><div class=\"wp-block-embed__wrapper\">\n<blockquote class=\"wp-embedded-content\" data-secret=\"d6rZkD8QbI\"><a href=\"https:\/\/www.teklic.hr\/lifestyle-trend\/leonorin-biljni-kutak-neven-cuvar-svjetla-u-jesenskoj-tisini\/312202\/\">Leonorin biljni kutak: Neven \u2013 \u010duvar svjetla u jesenskoj ti\u0161ini<\/a><\/blockquote><iframe loading=\"lazy\" class=\"wp-embedded-content\" sandbox=\"allow-scripts\" security=\"restricted\" style=\"position: absolute; visibility: hidden;\" title=\"&#8220;Leonorin biljni kutak: Neven \u2013 \u010duvar svjetla u jesenskoj ti\u0161ini&#8221; &#8212; Tekli\u0107\" src=\"https:\/\/www.teklic.hr\/lifestyle-trend\/leonorin-biljni-kutak-neven-cuvar-svjetla-u-jesenskoj-tisini\/312202\/embed\/#?secret=yjM8PbQZsL#?secret=d6rZkD8QbI\" data-secret=\"d6rZkD8QbI\" width=\"500\" height=\"282\" frameborder=\"0\" marginwidth=\"0\" marginheight=\"0\" scrolling=\"no\"><\/iframe>\n<\/div><\/figure>\n","protected":false},"excerpt":{"rendered":"<p>S rado\u0161\u0107u vas pozivam u svijet ljekovitog bilja, mirisnih trava i tihe mudrosti prirode. Moje kolumne mo\u017eete \u010ditati na portalu teklic.hr , u rubrici \u201eLeonorin biljni kutak\u201c Ovdje \u0107u dijeliti pri\u010de i savjete o ljekovitom bilju, njihovim \u010darobnim svojstvima i na\u010dinima na koje nam mogu pomo\u0107i u o\u010duvanju zdravlja i blagostanja. U ovoj kolumni istra\u017eit [&hellip;]<\/p>\n","protected":false},"author":1,"featured_media":0,"parent":0,"menu_order":4,"comment_status":"closed","ping_status":"closed","template":"","meta":{"footnotes":""},"class_list":["post-116","page","type-page","status-publish","hentry"],"yoast_head":"<!-- This site is optimized with the Yoast SEO plugin v25.8 - https:\/\/yoast.com\/wordpress\/plugins\/seo\/ -->\n<title>Kolumne - Vilin Lon\u010di\u0107<\/title>\n<meta name=\"robots\" content=\"index, follow, max-snippet:-1, max-image-preview:large, max-video-preview:-1\" \/>\n<link rel=\"canonical\" href=\"https:\/\/vilinloncic.com\/wordpress\/kolumne\/\" \/>\n<meta property=\"og:locale\" content=\"en_US\" \/>\n<meta property=\"og:type\" content=\"article\" \/>\n<meta property=\"og:title\" content=\"Kolumne - Vilin Lon\u010di\u0107\" \/>\n<meta property=\"og:description\" content=\"S rado\u0161\u0107u vas pozivam u svijet ljekovitog bilja, mirisnih trava i tihe mudrosti prirode. Moje kolumne mo\u017eete \u010ditati na portalu teklic.hr , u rubrici \u201eLeonorin biljni kutak\u201c Ovdje \u0107u dijeliti pri\u010de i savjete o ljekovitom bilju, njihovim \u010darobnim svojstvima i na\u010dinima na koje nam mogu pomo\u0107i u o\u010duvanju zdravlja i blagostanja. U ovoj kolumni istra\u017eit [&hellip;]\" \/>\n<meta property=\"og:url\" content=\"https:\/\/vilinloncic.com\/wordpress\/kolumne\/\" \/>\n<meta property=\"og:site_name\" content=\"Vilin Lon\u010di\u0107\" \/>\n<meta property=\"article:publisher\" content=\"https:\/\/www.facebook.com\/p\/Vilin-Loni-61563313227943\/\" \/>\n<meta property=\"article:modified_time\" content=\"2026-01-22T19:53:07+00:00\" \/>\n<meta property=\"og:image\" content=\"https:\/\/static.xx.fbcdn.net\/images\/emoji.php\/v9\/t3a\/2\/16\/1f33c.png\" \/>\n<meta name=\"twitter:card\" content=\"summary_large_image\" \/>\n<meta name=\"twitter:label1\" content=\"Est. reading time\" \/>\n\t<meta name=\"twitter:data1\" content=\"1 minute\" \/>\n<script type=\"application\/ld+json\" class=\"yoast-schema-graph\">{\"@context\":\"https:\/\/schema.org\",\"@graph\":[{\"@type\":\"WebPage\",\"@id\":\"https:\/\/vilinloncic.com\/wordpress\/kolumne\/\",\"url\":\"https:\/\/vilinloncic.com\/wordpress\/kolumne\/\",\"name\":\"Kolumne - Vilin Lon\u010di\u0107\",\"isPartOf\":{\"@id\":\"https:\/\/vilinloncic.com\/wordpress\/#website\"},\"primaryImageOfPage\":{\"@id\":\"https:\/\/vilinloncic.com\/wordpress\/kolumne\/#primaryimage\"},\"image\":{\"@id\":\"https:\/\/vilinloncic.com\/wordpress\/kolumne\/#primaryimage\"},\"thumbnailUrl\":\"https:\/\/static.xx.fbcdn.net\/images\/emoji.php\/v9\/t3a\/2\/16\/1f33c.png\",\"datePublished\":\"2025-04-21T15:04:48+00:00\",\"dateModified\":\"2026-01-22T19:53:07+00:00\",\"breadcrumb\":{\"@id\":\"https:\/\/vilinloncic.com\/wordpress\/kolumne\/#breadcrumb\"},\"inLanguage\":\"en-US\",\"potentialAction\":[{\"@type\":\"ReadAction\",\"target\":[\"https:\/\/vilinloncic.com\/wordpress\/kolumne\/\"]}]},{\"@type\":\"ImageObject\",\"inLanguage\":\"en-US\",\"@id\":\"https:\/\/vilinloncic.com\/wordpress\/kolumne\/#primaryimage\",\"url\":\"https:\/\/static.xx.fbcdn.net\/images\/emoji.php\/v9\/t3a\/2\/16\/1f33c.png\",\"contentUrl\":\"https:\/\/static.xx.fbcdn.net\/images\/emoji.php\/v9\/t3a\/2\/16\/1f33c.png\"},{\"@type\":\"BreadcrumbList\",\"@id\":\"https:\/\/vilinloncic.com\/wordpress\/kolumne\/#breadcrumb\",\"itemListElement\":[{\"@type\":\"ListItem\",\"position\":1,\"name\":\"Home\",\"item\":\"https:\/\/vilinloncic.com\/wordpress\/\"},{\"@type\":\"ListItem\",\"position\":2,\"name\":\"Kolumne\"}]},{\"@type\":\"WebSite\",\"@id\":\"https:\/\/vilinloncic.com\/wordpress\/#website\",\"url\":\"https:\/\/vilinloncic.com\/wordpress\/\",\"name\":\"Vilin Lon\u010di\u0107\",\"description\":\"Leonora Surian\",\"potentialAction\":[{\"@type\":\"SearchAction\",\"target\":{\"@type\":\"EntryPoint\",\"urlTemplate\":\"https:\/\/vilinloncic.com\/wordpress\/?s={search_term_string}\"},\"query-input\":{\"@type\":\"PropertyValueSpecification\",\"valueRequired\":true,\"valueName\":\"search_term_string\"}}],\"inLanguage\":\"en-US\"}]}<\/script>\n<!-- \/ Yoast SEO plugin. -->","yoast_head_json":{"title":"Kolumne - Vilin Lon\u010di\u0107","robots":{"index":"index","follow":"follow","max-snippet":"max-snippet:-1","max-image-preview":"max-image-preview:large","max-video-preview":"max-video-preview:-1"},"canonical":"https:\/\/vilinloncic.com\/wordpress\/kolumne\/","og_locale":"en_US","og_type":"article","og_title":"Kolumne - Vilin Lon\u010di\u0107","og_description":"S rado\u0161\u0107u vas pozivam u svijet ljekovitog bilja, mirisnih trava i tihe mudrosti prirode. Moje kolumne mo\u017eete \u010ditati na portalu teklic.hr , u rubrici \u201eLeonorin biljni kutak\u201c Ovdje \u0107u dijeliti pri\u010de i savjete o ljekovitom bilju, njihovim \u010darobnim svojstvima i na\u010dinima na koje nam mogu pomo\u0107i u o\u010duvanju zdravlja i blagostanja. U ovoj kolumni istra\u017eit [&hellip;]","og_url":"https:\/\/vilinloncic.com\/wordpress\/kolumne\/","og_site_name":"Vilin Lon\u010di\u0107","article_publisher":"https:\/\/www.facebook.com\/p\/Vilin-Loni-61563313227943\/","article_modified_time":"2026-01-22T19:53:07+00:00","og_image":[{"url":"https:\/\/static.xx.fbcdn.net\/images\/emoji.php\/v9\/t3a\/2\/16\/1f33c.png","type":"","width":"","height":""}],"twitter_card":"summary_large_image","twitter_misc":{"Est. reading time":"1 minute"},"schema":{"@context":"https:\/\/schema.org","@graph":[{"@type":"WebPage","@id":"https:\/\/vilinloncic.com\/wordpress\/kolumne\/","url":"https:\/\/vilinloncic.com\/wordpress\/kolumne\/","name":"Kolumne - Vilin Lon\u010di\u0107","isPartOf":{"@id":"https:\/\/vilinloncic.com\/wordpress\/#website"},"primaryImageOfPage":{"@id":"https:\/\/vilinloncic.com\/wordpress\/kolumne\/#primaryimage"},"image":{"@id":"https:\/\/vilinloncic.com\/wordpress\/kolumne\/#primaryimage"},"thumbnailUrl":"https:\/\/static.xx.fbcdn.net\/images\/emoji.php\/v9\/t3a\/2\/16\/1f33c.png","datePublished":"2025-04-21T15:04:48+00:00","dateModified":"2026-01-22T19:53:07+00:00","breadcrumb":{"@id":"https:\/\/vilinloncic.com\/wordpress\/kolumne\/#breadcrumb"},"inLanguage":"en-US","potentialAction":[{"@type":"ReadAction","target":["https:\/\/vilinloncic.com\/wordpress\/kolumne\/"]}]},{"@type":"ImageObject","inLanguage":"en-US","@id":"https:\/\/vilinloncic.com\/wordpress\/kolumne\/#primaryimage","url":"https:\/\/static.xx.fbcdn.net\/images\/emoji.php\/v9\/t3a\/2\/16\/1f33c.png","contentUrl":"https:\/\/static.xx.fbcdn.net\/images\/emoji.php\/v9\/t3a\/2\/16\/1f33c.png"},{"@type":"BreadcrumbList","@id":"https:\/\/vilinloncic.com\/wordpress\/kolumne\/#breadcrumb","itemListElement":[{"@type":"ListItem","position":1,"name":"Home","item":"https:\/\/vilinloncic.com\/wordpress\/"},{"@type":"ListItem","position":2,"name":"Kolumne"}]},{"@type":"WebSite","@id":"https:\/\/vilinloncic.com\/wordpress\/#website","url":"https:\/\/vilinloncic.com\/wordpress\/","name":"Vilin Lon\u010di\u0107","description":"Leonora Surian","potentialAction":[{"@type":"SearchAction","target":{"@type":"EntryPoint","urlTemplate":"https:\/\/vilinloncic.com\/wordpress\/?s={search_term_string}"},"query-input":{"@type":"PropertyValueSpecification","valueRequired":true,"valueName":"search_term_string"}}],"inLanguage":"en-US"}]}},"_links":{"self":[{"href":"https:\/\/vilinloncic.com\/wordpress\/wp-json\/wp\/v2\/pages\/116","targetHints":{"allow":["GET"]}}],"collection":[{"href":"https:\/\/vilinloncic.com\/wordpress\/wp-json\/wp\/v2\/pages"}],"about":[{"href":"https:\/\/vilinloncic.com\/wordpress\/wp-json\/wp\/v2\/types\/page"}],"author":[{"embeddable":true,"href":"https:\/\/vilinloncic.com\/wordpress\/wp-json\/wp\/v2\/users\/1"}],"replies":[{"embeddable":true,"href":"https:\/\/vilinloncic.com\/wordpress\/wp-json\/wp\/v2\/comments?post=116"}],"version-history":[{"count":10,"href":"https:\/\/vilinloncic.com\/wordpress\/wp-json\/wp\/v2\/pages\/116\/revisions"}],"predecessor-version":[{"id":475,"href":"https:\/\/vilinloncic.com\/wordpress\/wp-json\/wp\/v2\/pages\/116\/revisions\/475"}],"wp:attachment":[{"href":"https:\/\/vilinloncic.com\/wordpress\/wp-json\/wp\/v2\/media?parent=116"}],"curies":[{"name":"wp","href":"https:\/\/api.w.org\/{rel}","templated":true}]}}