


{"id":111,"date":"2025-04-21T15:01:35","date_gmt":"2025-04-21T15:01:35","guid":{"rendered":"https:\/\/vilinloncic.com\/wordpress\/?page_id=111"},"modified":"2026-01-22T19:50:36","modified_gmt":"2026-01-22T19:50:36","slug":"radionice","status":"publish","type":"page","link":"https:\/\/vilinloncic.com\/wordpress\/radionice\/","title":{"rendered":"Radionice"},"content":{"rendered":"\n<p>Ako ste zaljubljeni u prirodu i \u017eelite nau\u010diti kako prepoznati samoniklo ljekovito i jestivo bilje, te od njega stvarati prirodne i ljekovite pripravke, kao i kulinarske delikatese, biljni atelje \u201eVilin Lon\u010di\u0107\u201c nudi vam stru\u010dni program u bajkovitoj, doma\u0107oj atmosferi.<\/p>\n\n\n\n<p>Travarka i fitoterapeutkinja Leonora Surian Popov, kvalificirana za izradu prirodne kozmetike od ljekovitog bilja, otvara vrata svog doma kako bi vas uputila u svijet biljaka kroz jednodnevne ili dvodnevne radionice \u2013 grupne ili individualne \u2013 koje se odr\u017eavaju u prirodi.<\/p>\n\n\n\n<p><strong>PONUDA:<\/strong><\/p>\n\n\n\n<ul class=\"wp-block-list\">\n<li><strong>\u0160etnje i branje ljekovitog bilja u prirodi<\/strong><\/li>\n<\/ul>\n\n\n\n<p>Lagana \u0161etnja uz stru\u010dno vodstvo po livadama ispred \u201eVilinog Lon\u010di\u0107a\u201c, pokazivanje i branje ljekovitog bilja uz izradu herbarija. Na kraju, u\u017eivat \u0107ete u degustaciji raznih biljnih \u010dajeva na imanju. Trajanje: cca 2 sata.<\/p>\n\n\n\n<ul class=\"wp-block-list\">\n<li><strong>Samoniklo jestivo bilje<\/strong><\/li>\n<\/ul>\n\n\n\n<p>Nakon pi\u0107a dobrodo\u0161lice slijedi \u0161etnja i branje samoniklog jestivog bilja uz stru\u010dno vodstvo. U sklopu radionice pripremit \u0107ete malu zakusku od ubranih biljaka i lokalnih proizvoda, zajedno s doma\u0107icom, fitoterapeutkinjom i travarkom Leonorom. Trajanje: 3 sata (samo u prolje\u0107e).<\/p>\n\n\n\n<ul class=\"wp-block-list\">\n<li><strong>Izrada prirodne kozmetike i ljekovitih pripravaka<\/strong><\/li>\n<\/ul>\n\n\n\n<p>U \u0161armantnoj atmosferi \u201eVilinog Lon\u010di\u0107a\u201c, nau\u010dit \u0107ete kako izraditi 3 razli\u010dita ljekovita pripravka od samoniklog bilja, koje \u0107ete ubrati na \u010distim i nezaga\u0111enim livadama. Uz pripravke dobit \u0107ete i recepture. Trajanje: cca 3 sata.<\/p>\n\n\n\n<ul class=\"wp-block-list\">\n<li><strong>Jednodnevne radionice u prirodi<\/strong><\/li>\n<\/ul>\n\n\n\n<p>Najtra\u017eeniji program \u201eVilinog Lon\u010di\u0107a\u201c. Nakon teoretskog dijela uz pi\u0107e dobrodo\u0161lice, koji obuhva\u0107a teme poput branja, su\u0161enja, skladi\u0161tenja i upotrebe samoniklog bilja, slijedi lagana \u0161etnja po livadama uz branje ljekovitog i jestivog bilja. Nakon zakuske pripremljene od doma\u0107ih i lokalnih proizvoda, izradit \u0107ete 2 ljekovita preparata koje \u0107ete ponijeti ku\u0107i, zajedno s recepturama. Trajanje: 6 sati.<\/p>\n\n\n\n<ul class=\"wp-block-list\">\n<li><strong>Jednodnevna radionica po gradskim parkovima<\/strong><\/li>\n<\/ul>\n\n\n\n<p>Lokacija: Rijeka (ili prema dogovoru). \u0160etnja gradskim parkovima i ulicama uz stru\u010dno vodstvo, u potrazi za samoniklim ljekovitim biljem. Trajanje: cca 2&nbsp; sata.<\/p>\n\n\n\n<ul class=\"wp-block-list\">\n<li><strong>Individualne radionice<\/strong><\/li>\n<\/ul>\n\n\n\n<p>Mogu\u0107e su individualne radionice prema dogovoru.<\/p>\n\n\n\n<p>Svi polaznici \u0107e na kraju radionice dobiti mali certifikat i ljupku vilinsku bilje\u017enicu za izradu herbarija.<\/p>\n\n\n\n<p>U samo nekoliko sati zaboravit \u0107ete gradski stres, okrijepiti du\u0161u i tijelo te postati bogatiji za jedinstveno iskustvo. Sigurno \u0107ete se pribli\u017eiti prirodi i njezinim darovima.<\/p>\n\n\n\n<p>Pridru\u017eite se i postanite dio moje bajke!<\/p>\n\n\n\n<figure class=\"wp-block-gallery has-nested-images columns-3 is-cropped wp-block-gallery-1 is-layout-flex wp-block-gallery-is-layout-flex\">\n<figure class=\"wp-block-image size-large\"><img loading=\"lazy\" decoding=\"async\" width=\"768\" height=\"1024\" data-id=\"337\" src=\"https:\/\/vilinloncic.com\/wordpress\/wp-content\/uploads\/2025\/04\/2-2-768x1024.jpg\" alt=\"\" class=\"wp-image-337\" srcset=\"https:\/\/vilinloncic.com\/wordpress\/wp-content\/uploads\/2025\/04\/2-2-768x1024.jpg 768w, https:\/\/vilinloncic.com\/wordpress\/wp-content\/uploads\/2025\/04\/2-2-225x300.jpg 225w, https:\/\/vilinloncic.com\/wordpress\/wp-content\/uploads\/2025\/04\/2-2.jpg 1024w\" sizes=\"auto, (max-width: 768px) 100vw, 768px\" \/><\/figure>\n\n\n\n<figure class=\"wp-block-image size-large\"><img loading=\"lazy\" decoding=\"async\" width=\"768\" height=\"1024\" data-id=\"342\" src=\"https:\/\/vilinloncic.com\/wordpress\/wp-content\/uploads\/2025\/04\/3-4-768x1024.jpg\" alt=\"\" class=\"wp-image-342\" srcset=\"https:\/\/vilinloncic.com\/wordpress\/wp-content\/uploads\/2025\/04\/3-4-768x1025.jpg 768w, https:\/\/vilinloncic.com\/wordpress\/wp-content\/uploads\/2025\/04\/3-4-225x300.jpg 225w, https:\/\/vilinloncic.com\/wordpress\/wp-content\/uploads\/2025\/04\/3-4.jpg 1024w\" sizes=\"auto, (max-width: 768px) 100vw, 768px\" \/><\/figure>\n\n\n\n<figure class=\"wp-block-image size-large\"><img loading=\"lazy\" decoding=\"async\" width=\"768\" height=\"1024\" data-id=\"328\" src=\"https:\/\/vilinloncic.com\/wordpress\/wp-content\/uploads\/2025\/04\/1-2-768x1024.jpg\" alt=\"\" class=\"wp-image-328\" srcset=\"https:\/\/vilinloncic.com\/wordpress\/wp-content\/uploads\/2025\/04\/1-2-768x1024.jpg 768w, https:\/\/vilinloncic.com\/wordpress\/wp-content\/uploads\/2025\/04\/1-2-225x300.jpg 225w, https:\/\/vilinloncic.com\/wordpress\/wp-content\/uploads\/2025\/04\/1-2.jpg 1024w\" sizes=\"auto, (max-width: 768px) 100vw, 768px\" \/><\/figure>\n\n\n\n<figure class=\"wp-block-image size-large\"><img loading=\"lazy\" decoding=\"async\" width=\"1024\" height=\"1024\" data-id=\"344\" src=\"https:\/\/vilinloncic.com\/wordpress\/wp-content\/uploads\/2025\/04\/4-4.jpg\" alt=\"\" class=\"wp-image-344\" srcset=\"https:\/\/vilinloncic.com\/wordpress\/wp-content\/uploads\/2025\/04\/4-4.jpg 1024w, https:\/\/vilinloncic.com\/wordpress\/wp-content\/uploads\/2025\/04\/4-4-300x300.jpg 300w, https:\/\/vilinloncic.com\/wordpress\/wp-content\/uploads\/2025\/04\/4-4-150x150.jpg 150w, https:\/\/vilinloncic.com\/wordpress\/wp-content\/uploads\/2025\/04\/4-4-768x768.jpg 768w\" sizes=\"auto, (max-width: 1024px) 100vw, 1024px\" \/><\/figure>\n\n\n\n<figure class=\"wp-block-image size-large\"><img loading=\"lazy\" decoding=\"async\" width=\"768\" height=\"1024\" data-id=\"399\" src=\"https:\/\/vilinloncic.com\/wordpress\/wp-content\/uploads\/2025\/04\/5-1-1-768x1024.jpg\" alt=\"\" class=\"wp-image-399\" srcset=\"https:\/\/vilinloncic.com\/wordpress\/wp-content\/uploads\/2025\/04\/5-1-1-768x1024.jpg 768w, https:\/\/vilinloncic.com\/wordpress\/wp-content\/uploads\/2025\/04\/5-1-1-225x300.jpg 225w, https:\/\/vilinloncic.com\/wordpress\/wp-content\/uploads\/2025\/04\/5-1-1.jpg 1000w\" sizes=\"auto, (max-width: 768px) 100vw, 768px\" \/><\/figure>\n\n\n\n<figure class=\"wp-block-image size-large\"><img loading=\"lazy\" decoding=\"async\" width=\"890\" height=\"594\" data-id=\"334\" src=\"https:\/\/vilinloncic.com\/wordpress\/wp-content\/uploads\/2025\/04\/6-4.jpg\" alt=\"\" class=\"wp-image-334\" srcset=\"https:\/\/vilinloncic.com\/wordpress\/wp-content\/uploads\/2025\/04\/6-4.jpg 890w, https:\/\/vilinloncic.com\/wordpress\/wp-content\/uploads\/2025\/04\/6-4-300x200.jpg 300w, https:\/\/vilinloncic.com\/wordpress\/wp-content\/uploads\/2025\/04\/6-4-768x513.jpg 768w\" sizes=\"auto, (max-width: 890px) 100vw, 890px\" \/><\/figure>\n\n\n\n<figure class=\"wp-block-image size-large\"><img loading=\"lazy\" decoding=\"async\" width=\"1024\" height=\"1006\" data-id=\"341\" src=\"https:\/\/vilinloncic.com\/wordpress\/wp-content\/uploads\/2025\/04\/5-2.jpg\" alt=\"\" class=\"wp-image-341\" srcset=\"https:\/\/vilinloncic.com\/wordpress\/wp-content\/uploads\/2025\/04\/5-2.jpg 1024w, https:\/\/vilinloncic.com\/wordpress\/wp-content\/uploads\/2025\/04\/5-2-300x295.jpg 300w, https:\/\/vilinloncic.com\/wordpress\/wp-content\/uploads\/2025\/04\/5-2-768x755.jpg 768w\" sizes=\"auto, (max-width: 1024px) 100vw, 1024px\" \/><\/figure>\n\n\n\n<figure class=\"wp-block-image size-large\"><img loading=\"lazy\" decoding=\"async\" width=\"987\" height=\"737\" data-id=\"329\" src=\"https:\/\/vilinloncic.com\/wordpress\/wp-content\/uploads\/2025\/04\/8-2.jpg\" alt=\"\" class=\"wp-image-329\" srcset=\"https:\/\/vilinloncic.com\/wordpress\/wp-content\/uploads\/2025\/04\/8-2.jpg 987w, https:\/\/vilinloncic.com\/wordpress\/wp-content\/uploads\/2025\/04\/8-2-300x224.jpg 300w, https:\/\/vilinloncic.com\/wordpress\/wp-content\/uploads\/2025\/04\/8-2-768x573.jpg 768w\" sizes=\"auto, (max-width: 987px) 100vw, 987px\" \/><\/figure>\n\n\n\n<figure class=\"wp-block-image size-large\"><img loading=\"lazy\" decoding=\"async\" width=\"1024\" height=\"768\" data-id=\"339\" src=\"https:\/\/vilinloncic.com\/wordpress\/wp-content\/uploads\/2025\/04\/7-2-1024x768.jpg\" alt=\"\" class=\"wp-image-339\" srcset=\"https:\/\/vilinloncic.com\/wordpress\/wp-content\/uploads\/2025\/04\/7-2-1024x768.jpg 1024w, https:\/\/vilinloncic.com\/wordpress\/wp-content\/uploads\/2025\/04\/7-2-300x225.jpg 300w, https:\/\/vilinloncic.com\/wordpress\/wp-content\/uploads\/2025\/04\/7-2-768x576.jpg 768w, https:\/\/vilinloncic.com\/wordpress\/wp-content\/uploads\/2025\/04\/7-2.jpg 1440w\" sizes=\"auto, (max-width: 1024px) 100vw, 1024px\" \/><\/figure>\n\n\n\n<figure class=\"wp-block-image size-large\"><img loading=\"lazy\" decoding=\"async\" width=\"1024\" height=\"1024\" data-id=\"343\" src=\"https:\/\/vilinloncic.com\/wordpress\/wp-content\/uploads\/2025\/04\/9-1.jpg\" alt=\"\" class=\"wp-image-343\" srcset=\"https:\/\/vilinloncic.com\/wordpress\/wp-content\/uploads\/2025\/04\/9-1.jpg 1024w, https:\/\/vilinloncic.com\/wordpress\/wp-content\/uploads\/2025\/04\/9-1-300x300.jpg 300w, https:\/\/vilinloncic.com\/wordpress\/wp-content\/uploads\/2025\/04\/9-1-150x150.jpg 150w, https:\/\/vilinloncic.com\/wordpress\/wp-content\/uploads\/2025\/04\/9-1-768x768.jpg 768w\" sizes=\"auto, (max-width: 1024px) 100vw, 1024px\" \/><\/figure>\n\n\n\n<figure class=\"wp-block-image size-large\"><img loading=\"lazy\" decoding=\"async\" width=\"1024\" height=\"1024\" data-id=\"338\" src=\"https:\/\/vilinloncic.com\/wordpress\/wp-content\/uploads\/2025\/04\/11-2.jpg\" alt=\"\" class=\"wp-image-338\" srcset=\"https:\/\/vilinloncic.com\/wordpress\/wp-content\/uploads\/2025\/04\/11-2.jpg 1024w, https:\/\/vilinloncic.com\/wordpress\/wp-content\/uploads\/2025\/04\/11-2-300x300.jpg 300w, https:\/\/vilinloncic.com\/wordpress\/wp-content\/uploads\/2025\/04\/11-2-150x150.jpg 150w, https:\/\/vilinloncic.com\/wordpress\/wp-content\/uploads\/2025\/04\/11-2-768x768.jpg 768w\" sizes=\"auto, (max-width: 1024px) 100vw, 1024px\" \/><\/figure>\n\n\n\n<figure class=\"wp-block-image size-large\"><img loading=\"lazy\" decoding=\"async\" width=\"1024\" height=\"576\" data-id=\"335\" src=\"https:\/\/vilinloncic.com\/wordpress\/wp-content\/uploads\/2025\/04\/10-2.jpg\" alt=\"\" class=\"wp-image-335\" srcset=\"https:\/\/vilinloncic.com\/wordpress\/wp-content\/uploads\/2025\/04\/10-2.jpg 1024w, https:\/\/vilinloncic.com\/wordpress\/wp-content\/uploads\/2025\/04\/10-2-300x169.jpg 300w, https:\/\/vilinloncic.com\/wordpress\/wp-content\/uploads\/2025\/04\/10-2-768x432.jpg 768w\" sizes=\"auto, (max-width: 1024px) 100vw, 1024px\" \/><\/figure>\n\n\n\n<figure class=\"wp-block-image size-large\"><img loading=\"lazy\" decoding=\"async\" width=\"1019\" height=\"1024\" data-id=\"331\" src=\"https:\/\/vilinloncic.com\/wordpress\/wp-content\/uploads\/2025\/04\/12-3-1019x1024.jpg\" alt=\"\" class=\"wp-image-331\" srcset=\"https:\/\/vilinloncic.com\/wordpress\/wp-content\/uploads\/2025\/04\/12-3-1019x1024.jpg 1019w, https:\/\/vilinloncic.com\/wordpress\/wp-content\/uploads\/2025\/04\/12-3-300x300.jpg 300w, https:\/\/vilinloncic.com\/wordpress\/wp-content\/uploads\/2025\/04\/12-3-150x150.jpg 150w, https:\/\/vilinloncic.com\/wordpress\/wp-content\/uploads\/2025\/04\/12-3-768x772.jpg 768w, https:\/\/vilinloncic.com\/wordpress\/wp-content\/uploads\/2025\/04\/12-3.jpg 1024w\" sizes=\"auto, (max-width: 1019px) 100vw, 1019px\" \/><\/figure>\n\n\n\n<figure class=\"wp-block-image size-large\"><img loading=\"lazy\" decoding=\"async\" width=\"1021\" height=\"1024\" data-id=\"333\" src=\"https:\/\/vilinloncic.com\/wordpress\/wp-content\/uploads\/2025\/04\/14-4-1021x1024.jpg\" alt=\"\" class=\"wp-image-333\" srcset=\"https:\/\/vilinloncic.com\/wordpress\/wp-content\/uploads\/2025\/04\/14-4-1021x1024.jpg 1021w, https:\/\/vilinloncic.com\/wordpress\/wp-content\/uploads\/2025\/04\/14-4-300x300.jpg 300w, https:\/\/vilinloncic.com\/wordpress\/wp-content\/uploads\/2025\/04\/14-4-150x150.jpg 150w, https:\/\/vilinloncic.com\/wordpress\/wp-content\/uploads\/2025\/04\/14-4-768x770.jpg 768w, https:\/\/vilinloncic.com\/wordpress\/wp-content\/uploads\/2025\/04\/14-4.jpg 1024w\" sizes=\"auto, (max-width: 1021px) 100vw, 1021px\" \/><\/figure>\n\n\n\n<figure class=\"wp-block-image size-large\"><img loading=\"lazy\" decoding=\"async\" width=\"1006\" height=\"1024\" data-id=\"336\" src=\"https:\/\/vilinloncic.com\/wordpress\/wp-content\/uploads\/2025\/04\/13-2-1006x1024.jpg\" alt=\"\" class=\"wp-image-336\" srcset=\"https:\/\/vilinloncic.com\/wordpress\/wp-content\/uploads\/2025\/04\/13-2-1006x1024.jpg 1006w, https:\/\/vilinloncic.com\/wordpress\/wp-content\/uploads\/2025\/04\/13-2-295x300.jpg 295w, https:\/\/vilinloncic.com\/wordpress\/wp-content\/uploads\/2025\/04\/13-2-768x782.jpg 768w, https:\/\/vilinloncic.com\/wordpress\/wp-content\/uploads\/2025\/04\/13-2.jpg 1024w\" sizes=\"auto, (max-width: 1006px) 100vw, 1006px\" \/><\/figure>\n\n\n\n<figure class=\"wp-block-image size-large\"><img loading=\"lazy\" decoding=\"async\" width=\"1018\" height=\"1024\" data-id=\"330\" src=\"https:\/\/vilinloncic.com\/wordpress\/wp-content\/uploads\/2025\/04\/16-2-1018x1024.jpg\" alt=\"\" class=\"wp-image-330\" srcset=\"https:\/\/vilinloncic.com\/wordpress\/wp-content\/uploads\/2025\/04\/16-2-1018x1024.jpg 1018w, https:\/\/vilinloncic.com\/wordpress\/wp-content\/uploads\/2025\/04\/16-2-298x300.jpg 298w, https:\/\/vilinloncic.com\/wordpress\/wp-content\/uploads\/2025\/04\/16-2-150x150.jpg 150w, https:\/\/vilinloncic.com\/wordpress\/wp-content\/uploads\/2025\/04\/16-2-768x773.jpg 768w, https:\/\/vilinloncic.com\/wordpress\/wp-content\/uploads\/2025\/04\/16-2.jpg 1024w\" sizes=\"auto, (max-width: 1018px) 100vw, 1018px\" \/><\/figure>\n\n\n\n<figure class=\"wp-block-image size-large\"><img loading=\"lazy\" decoding=\"async\" width=\"1014\" height=\"1024\" data-id=\"340\" src=\"https:\/\/vilinloncic.com\/wordpress\/wp-content\/uploads\/2025\/04\/15-1014x1024.jpg\" alt=\"\" class=\"wp-image-340\" srcset=\"https:\/\/vilinloncic.com\/wordpress\/wp-content\/uploads\/2025\/04\/15-1014x1024.jpg 1014w, https:\/\/vilinloncic.com\/wordpress\/wp-content\/uploads\/2025\/04\/15-297x300.jpg 297w, https:\/\/vilinloncic.com\/wordpress\/wp-content\/uploads\/2025\/04\/15-150x150.jpg 150w, https:\/\/vilinloncic.com\/wordpress\/wp-content\/uploads\/2025\/04\/15-768x776.jpg 768w, https:\/\/vilinloncic.com\/wordpress\/wp-content\/uploads\/2025\/04\/15.jpg 1024w\" sizes=\"auto, (max-width: 1014px) 100vw, 1014px\" \/><\/figure>\n\n\n\n<figure class=\"wp-block-image size-large\"><img loading=\"lazy\" decoding=\"async\" width=\"1018\" height=\"1024\" data-id=\"332\" src=\"https:\/\/vilinloncic.com\/wordpress\/wp-content\/uploads\/2025\/04\/17-1-1018x1024.jpg\" alt=\"\" class=\"wp-image-332\" srcset=\"https:\/\/vilinloncic.com\/wordpress\/wp-content\/uploads\/2025\/04\/17-1-1018x1024.jpg 1018w, https:\/\/vilinloncic.com\/wordpress\/wp-content\/uploads\/2025\/04\/17-1-298x300.jpg 298w, https:\/\/vilinloncic.com\/wordpress\/wp-content\/uploads\/2025\/04\/17-1-150x150.jpg 150w, https:\/\/vilinloncic.com\/wordpress\/wp-content\/uploads\/2025\/04\/17-1-768x773.jpg 768w, https:\/\/vilinloncic.com\/wordpress\/wp-content\/uploads\/2025\/04\/17-1.jpg 1024w\" sizes=\"auto, (max-width: 1018px) 100vw, 1018px\" \/><\/figure>\n\n\n\n<figure class=\"wp-block-image size-large\"><img loading=\"lazy\" decoding=\"async\" width=\"768\" height=\"1024\" data-id=\"401\" src=\"https:\/\/vilinloncic.com\/wordpress\/wp-content\/uploads\/2025\/04\/6-1-1-768x1024.jpg\" alt=\"\" class=\"wp-image-401\" srcset=\"https:\/\/vilinloncic.com\/wordpress\/wp-content\/uploads\/2025\/04\/6-1-1-768x1024.jpg 768w, https:\/\/vilinloncic.com\/wordpress\/wp-content\/uploads\/2025\/04\/6-1-1-225x300.jpg 225w, https:\/\/vilinloncic.com\/wordpress\/wp-content\/uploads\/2025\/04\/6-1-1.jpg 1000w\" sizes=\"auto, (max-width: 768px) 100vw, 768px\" \/><\/figure>\n\n\n\n<figure class=\"wp-block-image size-large\"><img loading=\"lazy\" decoding=\"async\" width=\"768\" height=\"1024\" data-id=\"400\" src=\"https:\/\/vilinloncic.com\/wordpress\/wp-content\/uploads\/2025\/04\/6-1-1-1-768x1024.jpg\" alt=\"\" class=\"wp-image-400\" srcset=\"https:\/\/vilinloncic.com\/wordpress\/wp-content\/uploads\/2025\/04\/6-1-1-1-768x1024.jpg 768w, https:\/\/vilinloncic.com\/wordpress\/wp-content\/uploads\/2025\/04\/6-1-1-1-225x300.jpg 225w, https:\/\/vilinloncic.com\/wordpress\/wp-content\/uploads\/2025\/04\/6-1-1-1.jpg 1000w\" sizes=\"auto, (max-width: 768px) 100vw, 768px\" \/><\/figure>\n<\/figure>\n","protected":false},"excerpt":{"rendered":"<p>Ako ste zaljubljeni u prirodu i \u017eelite nau\u010diti kako prepoznati samoniklo ljekovito i jestivo bilje, te od njega stvarati prirodne i ljekovite pripravke, kao i kulinarske delikatese, biljni atelje \u201eVilin Lon\u010di\u0107\u201c nudi vam stru\u010dni program u bajkovitoj, doma\u0107oj atmosferi. Travarka i fitoterapeutkinja Leonora Surian Popov, kvalificirana za izradu prirodne kozmetike od ljekovitog bilja, otvara vrata [&hellip;]<\/p>\n","protected":false},"author":1,"featured_media":0,"parent":0,"menu_order":0,"comment_status":"closed","ping_status":"closed","template":"","meta":{"footnotes":""},"class_list":["post-111","page","type-page","status-publish","hentry"],"yoast_head":"<!-- This site is optimized with the Yoast SEO plugin v25.8 - https:\/\/yoast.com\/wordpress\/plugins\/seo\/ -->\n<title>Radionice - Vilin Lon\u010di\u0107<\/title>\n<meta name=\"robots\" content=\"index, follow, max-snippet:-1, max-image-preview:large, max-video-preview:-1\" \/>\n<link rel=\"canonical\" href=\"https:\/\/vilinloncic.com\/wordpress\/radionice\/\" \/>\n<meta property=\"og:locale\" content=\"en_US\" \/>\n<meta property=\"og:type\" content=\"article\" \/>\n<meta property=\"og:title\" content=\"Radionice - Vilin Lon\u010di\u0107\" \/>\n<meta property=\"og:description\" content=\"Ako ste zaljubljeni u prirodu i \u017eelite nau\u010diti kako prepoznati samoniklo ljekovito i jestivo bilje, te od njega stvarati prirodne i ljekovite pripravke, kao i kulinarske delikatese, biljni atelje \u201eVilin Lon\u010di\u0107\u201c nudi vam stru\u010dni program u bajkovitoj, doma\u0107oj atmosferi. Travarka i fitoterapeutkinja Leonora Surian Popov, kvalificirana za izradu prirodne kozmetike od ljekovitog bilja, otvara vrata [&hellip;]\" \/>\n<meta property=\"og:url\" content=\"https:\/\/vilinloncic.com\/wordpress\/radionice\/\" \/>\n<meta property=\"og:site_name\" content=\"Vilin Lon\u010di\u0107\" \/>\n<meta property=\"article:publisher\" content=\"https:\/\/www.facebook.com\/p\/Vilin-Loni-61563313227943\/\" \/>\n<meta property=\"article:modified_time\" content=\"2026-01-22T19:50:36+00:00\" \/>\n<meta property=\"og:image\" content=\"https:\/\/vilinloncic.com\/wordpress\/wp-content\/uploads\/2025\/04\/2-2.jpg\" \/>\n\t<meta property=\"og:image:width\" content=\"1024\" \/>\n\t<meta property=\"og:image:height\" content=\"1365\" \/>\n\t<meta property=\"og:image:type\" content=\"image\/jpeg\" \/>\n<meta name=\"twitter:card\" content=\"summary_large_image\" \/>\n<meta name=\"twitter:label1\" content=\"Est. reading time\" \/>\n\t<meta name=\"twitter:data1\" content=\"6 minutes\" \/>\n<script type=\"application\/ld+json\" class=\"yoast-schema-graph\">{\"@context\":\"https:\/\/schema.org\",\"@graph\":[{\"@type\":\"WebPage\",\"@id\":\"https:\/\/vilinloncic.com\/wordpress\/radionice\/\",\"url\":\"https:\/\/vilinloncic.com\/wordpress\/radionice\/\",\"name\":\"Radionice - Vilin Lon\u010di\u0107\",\"isPartOf\":{\"@id\":\"https:\/\/vilinloncic.com\/wordpress\/#website\"},\"primaryImageOfPage\":{\"@id\":\"https:\/\/vilinloncic.com\/wordpress\/radionice\/#primaryimage\"},\"image\":{\"@id\":\"https:\/\/vilinloncic.com\/wordpress\/radionice\/#primaryimage\"},\"thumbnailUrl\":\"https:\/\/vilinloncic.com\/wordpress\/wp-content\/uploads\/2025\/04\/2-2-768x1024.jpg\",\"datePublished\":\"2025-04-21T15:01:35+00:00\",\"dateModified\":\"2026-01-22T19:50:36+00:00\",\"breadcrumb\":{\"@id\":\"https:\/\/vilinloncic.com\/wordpress\/radionice\/#breadcrumb\"},\"inLanguage\":\"en-US\",\"potentialAction\":[{\"@type\":\"ReadAction\",\"target\":[\"https:\/\/vilinloncic.com\/wordpress\/radionice\/\"]}]},{\"@type\":\"ImageObject\",\"inLanguage\":\"en-US\",\"@id\":\"https:\/\/vilinloncic.com\/wordpress\/radionice\/#primaryimage\",\"url\":\"https:\/\/vilinloncic.com\/wordpress\/wp-content\/uploads\/2025\/04\/2-2.jpg\",\"contentUrl\":\"https:\/\/vilinloncic.com\/wordpress\/wp-content\/uploads\/2025\/04\/2-2.jpg\",\"width\":1024,\"height\":1365},{\"@type\":\"BreadcrumbList\",\"@id\":\"https:\/\/vilinloncic.com\/wordpress\/radionice\/#breadcrumb\",\"itemListElement\":[{\"@type\":\"ListItem\",\"position\":1,\"name\":\"Home\",\"item\":\"https:\/\/vilinloncic.com\/wordpress\/\"},{\"@type\":\"ListItem\",\"position\":2,\"name\":\"Radionice\"}]},{\"@type\":\"WebSite\",\"@id\":\"https:\/\/vilinloncic.com\/wordpress\/#website\",\"url\":\"https:\/\/vilinloncic.com\/wordpress\/\",\"name\":\"Vilin Lon\u010di\u0107\",\"description\":\"Leonora Surian\",\"potentialAction\":[{\"@type\":\"SearchAction\",\"target\":{\"@type\":\"EntryPoint\",\"urlTemplate\":\"https:\/\/vilinloncic.com\/wordpress\/?s={search_term_string}\"},\"query-input\":{\"@type\":\"PropertyValueSpecification\",\"valueRequired\":true,\"valueName\":\"search_term_string\"}}],\"inLanguage\":\"en-US\"}]}<\/script>\n<!-- \/ Yoast SEO plugin. -->","yoast_head_json":{"title":"Radionice - Vilin Lon\u010di\u0107","robots":{"index":"index","follow":"follow","max-snippet":"max-snippet:-1","max-image-preview":"max-image-preview:large","max-video-preview":"max-video-preview:-1"},"canonical":"https:\/\/vilinloncic.com\/wordpress\/radionice\/","og_locale":"en_US","og_type":"article","og_title":"Radionice - Vilin Lon\u010di\u0107","og_description":"Ako ste zaljubljeni u prirodu i \u017eelite nau\u010diti kako prepoznati samoniklo ljekovito i jestivo bilje, te od njega stvarati prirodne i ljekovite pripravke, kao i kulinarske delikatese, biljni atelje \u201eVilin Lon\u010di\u0107\u201c nudi vam stru\u010dni program u bajkovitoj, doma\u0107oj atmosferi. Travarka i fitoterapeutkinja Leonora Surian Popov, kvalificirana za izradu prirodne kozmetike od ljekovitog bilja, otvara vrata [&hellip;]","og_url":"https:\/\/vilinloncic.com\/wordpress\/radionice\/","og_site_name":"Vilin Lon\u010di\u0107","article_publisher":"https:\/\/www.facebook.com\/p\/Vilin-Loni-61563313227943\/","article_modified_time":"2026-01-22T19:50:36+00:00","og_image":[{"width":1024,"height":1365,"url":"https:\/\/vilinloncic.com\/wordpress\/wp-content\/uploads\/2025\/04\/2-2.jpg","type":"image\/jpeg"}],"twitter_card":"summary_large_image","twitter_misc":{"Est. reading time":"6 minutes"},"schema":{"@context":"https:\/\/schema.org","@graph":[{"@type":"WebPage","@id":"https:\/\/vilinloncic.com\/wordpress\/radionice\/","url":"https:\/\/vilinloncic.com\/wordpress\/radionice\/","name":"Radionice - Vilin Lon\u010di\u0107","isPartOf":{"@id":"https:\/\/vilinloncic.com\/wordpress\/#website"},"primaryImageOfPage":{"@id":"https:\/\/vilinloncic.com\/wordpress\/radionice\/#primaryimage"},"image":{"@id":"https:\/\/vilinloncic.com\/wordpress\/radionice\/#primaryimage"},"thumbnailUrl":"https:\/\/vilinloncic.com\/wordpress\/wp-content\/uploads\/2025\/04\/2-2-768x1024.jpg","datePublished":"2025-04-21T15:01:35+00:00","dateModified":"2026-01-22T19:50:36+00:00","breadcrumb":{"@id":"https:\/\/vilinloncic.com\/wordpress\/radionice\/#breadcrumb"},"inLanguage":"en-US","potentialAction":[{"@type":"ReadAction","target":["https:\/\/vilinloncic.com\/wordpress\/radionice\/"]}]},{"@type":"ImageObject","inLanguage":"en-US","@id":"https:\/\/vilinloncic.com\/wordpress\/radionice\/#primaryimage","url":"https:\/\/vilinloncic.com\/wordpress\/wp-content\/uploads\/2025\/04\/2-2.jpg","contentUrl":"https:\/\/vilinloncic.com\/wordpress\/wp-content\/uploads\/2025\/04\/2-2.jpg","width":1024,"height":1365},{"@type":"BreadcrumbList","@id":"https:\/\/vilinloncic.com\/wordpress\/radionice\/#breadcrumb","itemListElement":[{"@type":"ListItem","position":1,"name":"Home","item":"https:\/\/vilinloncic.com\/wordpress\/"},{"@type":"ListItem","position":2,"name":"Radionice"}]},{"@type":"WebSite","@id":"https:\/\/vilinloncic.com\/wordpress\/#website","url":"https:\/\/vilinloncic.com\/wordpress\/","name":"Vilin Lon\u010di\u0107","description":"Leonora Surian","potentialAction":[{"@type":"SearchAction","target":{"@type":"EntryPoint","urlTemplate":"https:\/\/vilinloncic.com\/wordpress\/?s={search_term_string}"},"query-input":{"@type":"PropertyValueSpecification","valueRequired":true,"valueName":"search_term_string"}}],"inLanguage":"en-US"}]}},"_links":{"self":[{"href":"https:\/\/vilinloncic.com\/wordpress\/wp-json\/wp\/v2\/pages\/111","targetHints":{"allow":["GET"]}}],"collection":[{"href":"https:\/\/vilinloncic.com\/wordpress\/wp-json\/wp\/v2\/pages"}],"about":[{"href":"https:\/\/vilinloncic.com\/wordpress\/wp-json\/wp\/v2\/types\/page"}],"author":[{"embeddable":true,"href":"https:\/\/vilinloncic.com\/wordpress\/wp-json\/wp\/v2\/users\/1"}],"replies":[{"embeddable":true,"href":"https:\/\/vilinloncic.com\/wordpress\/wp-json\/wp\/v2\/comments?post=111"}],"version-history":[{"count":10,"href":"https:\/\/vilinloncic.com\/wordpress\/wp-json\/wp\/v2\/pages\/111\/revisions"}],"predecessor-version":[{"id":473,"href":"https:\/\/vilinloncic.com\/wordpress\/wp-json\/wp\/v2\/pages\/111\/revisions\/473"}],"wp:attachment":[{"href":"https:\/\/vilinloncic.com\/wordpress\/wp-json\/wp\/v2\/media?parent=111"}],"curies":[{"name":"wp","href":"https:\/\/api.w.org\/{rel}","templated":true}]}}