


{"id":107,"date":"2025-04-21T14:56:58","date_gmt":"2025-04-21T14:56:58","guid":{"rendered":"https:\/\/vilinloncic.com\/wordpress\/?page_id=107"},"modified":"2025-04-30T11:42:08","modified_gmt":"2025-04-30T11:42:08","slug":"edukacije","status":"publish","type":"page","link":"https:\/\/vilinloncic.com\/wordpress\/edukacije\/","title":{"rendered":"Edukacije"},"content":{"rendered":"\n<p>OSNOVNI TE\u010cAJ SAMONIKLOG LJEKOVITOG BILJA <em>(Nastava se odvija u Rijeci)<\/em><\/p>\n\n\n\n<p><br>Pridru\u017eite nam se na fascinantnom putovanju kroz svijet samoniklog ljekovitog bilja. Ovaj temeljni te\u010daj, koji obuhva\u0107a 40 sati nastave, pru\u017eit \u0107e vam duboko razumijevanje va\u017enosti bilja, njegovih blagodati i na\u010dina kako ih sigurno i u\u010dinkovito koristiti u svakodnevnom \u017eivotu. Kroz teorijsku, prakti\u010dnu i terensku nastavu, savladat \u0107ete tehnike branja, su\u0161enja i prera\u0111ivanja bilja, te ste\u0107i \u0107ete vje\u0161tine koje \u0107e vam omogu\u0107iti da izradite vlastitu malu ku\u0107nu biljnu ljekarnu.<\/p>\n\n\n\n<p><br><strong>\u0160to \u0107ete nau\u010diti:<\/strong><\/p>\n\n\n\n<p><br><strong>Poznavanje ljekovitog bilja<\/strong>: Upoznat \u0107ete 18 vrsta ljekovitog bilja specifi\u010dnih za na\u0161 kraj i nau\u010diti kako prepoznati svaku biljku, te kako ju pravilno koristiti za razli\u010dite zdravstvene potrebe.<br><\/p>\n\n\n\n<p><strong>Izrada ljekovitih pripravaka<\/strong>: Kroz prakti\u010dne radionice, izradit \u0107ete osnovne ljekovite pripravke kao \u0161to su macerati, tinkture, sirupi, melemi, masti, \u010dajne mje\u0161avine i mnoge druge prirodne pripravke.<br><\/p>\n\n\n\n<p><strong>Rje\u0161avanje svakodnevnih problema<\/strong>: Nau\u010dit \u0107ete kako prirodno ubla\u017eiti simptome prehlade, grlobolje, ka\u0161lja i nervoze, te kako koristiti biljke za ja\u010danje imunolo\u0161kog sustava i pobolj\u0161anje op\u0107eg zdravlja.<br><\/p>\n\n\n\n<p><strong>Izrada herbarija<\/strong>: Kroz radionicu izrade herbarija, saznat \u0107ete kako bilje pravilno su\u0161iti, \u010duvati i dokumentirati, stvaraju\u0107i temelj za daljnje istra\u017eivanje i u\u010denje.<\/p>\n\n\n\n<p><strong>Cilj programa:<\/strong><\/p>\n\n\n\n<p>Osna\u017eiti polaznike da prepoznaju i koriste prirodne resurse koji ih okru\u017euju. Ovaj te\u010daj \u0107e vam omogu\u0107iti ne samo pobolj\u0161anje zdravlja, ve\u0107 i pomo\u0107i u usvajanju zdravih \u017eivotnih navika, koje \u0107ete mo\u0107i prenositi na svoju djecu.<\/p>\n\n\n\n<p>Pridru\u017eite nam se u otkrivanju jednostavnih, ali mo\u0107nih rje\u0161enja koja \u0107e vam pomo\u0107i da se osje\u0107ate bolje, \u017eivite zdravije i u potpunosti u\u017eivate u darovima prirode.<\/p>\n\n\n\n<p>Otkrijte \u010dari prirode i po\u010dnite \u017eivjeti u harmoniji s njom!<\/p>\n\n\n\n<p><\/p>\n\n\n\n<figure class=\"wp-block-gallery has-nested-images columns-4 is-cropped wp-block-gallery-1 is-layout-flex wp-block-gallery-is-layout-flex\">\n<figure class=\"wp-block-image size-large\"><img loading=\"lazy\" decoding=\"async\" width=\"768\" height=\"1024\" data-id=\"314\" src=\"https:\/\/vilinloncic.com\/wordpress\/wp-content\/uploads\/2025\/04\/1-1-768x1024.jpg\" alt=\"\" class=\"wp-image-314\" srcset=\"https:\/\/vilinloncic.com\/wordpress\/wp-content\/uploads\/2025\/04\/1-1-768x1023.jpg 768w, https:\/\/vilinloncic.com\/wordpress\/wp-content\/uploads\/2025\/04\/1-1-225x300.jpg 225w, https:\/\/vilinloncic.com\/wordpress\/wp-content\/uploads\/2025\/04\/1-1.jpg 800w\" sizes=\"auto, (max-width: 768px) 100vw, 768px\" \/><\/figure>\n\n\n\n<figure class=\"wp-block-image size-large\"><img loading=\"lazy\" decoding=\"async\" width=\"1024\" height=\"764\" data-id=\"317\" src=\"https:\/\/vilinloncic.com\/wordpress\/wp-content\/uploads\/2025\/04\/2-1-1024x764.jpg\" alt=\"\" class=\"wp-image-317\" srcset=\"https:\/\/vilinloncic.com\/wordpress\/wp-content\/uploads\/2025\/04\/2-1-1024x764.jpg 1024w, https:\/\/vilinloncic.com\/wordpress\/wp-content\/uploads\/2025\/04\/2-1-300x224.jpg 300w, https:\/\/vilinloncic.com\/wordpress\/wp-content\/uploads\/2025\/04\/2-1-768x573.jpg 768w, https:\/\/vilinloncic.com\/wordpress\/wp-content\/uploads\/2025\/04\/2-1.jpg 1428w\" sizes=\"auto, (max-width: 1024px) 100vw, 1024px\" \/><\/figure>\n\n\n\n<figure class=\"wp-block-image size-large\"><img loading=\"lazy\" decoding=\"async\" width=\"768\" height=\"1024\" data-id=\"320\" src=\"https:\/\/vilinloncic.com\/wordpress\/wp-content\/uploads\/2025\/04\/3-3-768x1024.jpg\" alt=\"\" class=\"wp-image-320\" srcset=\"https:\/\/vilinloncic.com\/wordpress\/wp-content\/uploads\/2025\/04\/3-3-768x1024.jpg 768w, https:\/\/vilinloncic.com\/wordpress\/wp-content\/uploads\/2025\/04\/3-3-225x300.jpg 225w, https:\/\/vilinloncic.com\/wordpress\/wp-content\/uploads\/2025\/04\/3-3.jpg 800w\" sizes=\"auto, (max-width: 768px) 100vw, 768px\" \/><\/figure>\n\n\n\n<figure class=\"wp-block-image size-large\"><img loading=\"lazy\" decoding=\"async\" width=\"768\" height=\"1024\" data-id=\"318\" src=\"https:\/\/vilinloncic.com\/wordpress\/wp-content\/uploads\/2025\/04\/4-3-768x1024.jpg\" alt=\"\" class=\"wp-image-318\" srcset=\"https:\/\/vilinloncic.com\/wordpress\/wp-content\/uploads\/2025\/04\/4-3-768x1024.jpg 768w, https:\/\/vilinloncic.com\/wordpress\/wp-content\/uploads\/2025\/04\/4-3-225x300.jpg 225w, https:\/\/vilinloncic.com\/wordpress\/wp-content\/uploads\/2025\/04\/4-3.jpg 800w\" sizes=\"auto, (max-width: 768px) 100vw, 768px\" \/><\/figure>\n\n\n\n<figure class=\"wp-block-image size-large\"><img loading=\"lazy\" decoding=\"async\" width=\"768\" height=\"1024\" data-id=\"315\" src=\"https:\/\/vilinloncic.com\/wordpress\/wp-content\/uploads\/2025\/04\/5-1-768x1024.jpg\" alt=\"\" class=\"wp-image-315\" srcset=\"https:\/\/vilinloncic.com\/wordpress\/wp-content\/uploads\/2025\/04\/5-1-768x1024.jpg 768w, https:\/\/vilinloncic.com\/wordpress\/wp-content\/uploads\/2025\/04\/5-1-225x300.jpg 225w, https:\/\/vilinloncic.com\/wordpress\/wp-content\/uploads\/2025\/04\/5-1.jpg 800w\" sizes=\"auto, (max-width: 768px) 100vw, 768px\" \/><\/figure>\n\n\n\n<figure class=\"wp-block-image size-large\"><img loading=\"lazy\" decoding=\"async\" width=\"768\" height=\"1024\" data-id=\"319\" src=\"https:\/\/vilinloncic.com\/wordpress\/wp-content\/uploads\/2025\/04\/6-3-768x1024.jpg\" alt=\"\" class=\"wp-image-319\" srcset=\"https:\/\/vilinloncic.com\/wordpress\/wp-content\/uploads\/2025\/04\/6-3-768x1024.jpg 768w, https:\/\/vilinloncic.com\/wordpress\/wp-content\/uploads\/2025\/04\/6-3-225x300.jpg 225w, https:\/\/vilinloncic.com\/wordpress\/wp-content\/uploads\/2025\/04\/6-3.jpg 1024w\" sizes=\"auto, (max-width: 768px) 100vw, 768px\" \/><\/figure>\n\n\n\n<figure class=\"wp-block-image size-large\"><img loading=\"lazy\" decoding=\"async\" width=\"461\" height=\"618\" data-id=\"312\" src=\"https:\/\/vilinloncic.com\/wordpress\/wp-content\/uploads\/2025\/04\/7-1.jpg\" alt=\"\" class=\"wp-image-312\" srcset=\"https:\/\/vilinloncic.com\/wordpress\/wp-content\/uploads\/2025\/04\/7-1.jpg 461w, https:\/\/vilinloncic.com\/wordpress\/wp-content\/uploads\/2025\/04\/7-1-224x300.jpg 224w\" sizes=\"auto, (max-width: 461px) 100vw, 461px\" \/><\/figure>\n\n\n\n<figure class=\"wp-block-image size-large\"><img loading=\"lazy\" decoding=\"async\" width=\"1024\" height=\"762\" data-id=\"313\" src=\"https:\/\/vilinloncic.com\/wordpress\/wp-content\/uploads\/2025\/04\/8-1-1024x762.jpg\" alt=\"\" class=\"wp-image-313\" srcset=\"https:\/\/vilinloncic.com\/wordpress\/wp-content\/uploads\/2025\/04\/8-1-1024x762.jpg 1024w, https:\/\/vilinloncic.com\/wordpress\/wp-content\/uploads\/2025\/04\/8-1-300x223.jpg 300w, https:\/\/vilinloncic.com\/wordpress\/wp-content\/uploads\/2025\/04\/8-1-768x572.jpg 768w, https:\/\/vilinloncic.com\/wordpress\/wp-content\/uploads\/2025\/04\/8-1.jpg 1080w\" sizes=\"auto, (max-width: 1024px) 100vw, 1024px\" \/><\/figure>\n\n\n\n<figure class=\"wp-block-image size-large\"><img loading=\"lazy\" decoding=\"async\" width=\"763\" height=\"1024\" data-id=\"316\" src=\"https:\/\/vilinloncic.com\/wordpress\/wp-content\/uploads\/2025\/04\/9-763x1024.jpg\" alt=\"\" class=\"wp-image-316\" srcset=\"https:\/\/vilinloncic.com\/wordpress\/wp-content\/uploads\/2025\/04\/9-763x1024.jpg 763w, https:\/\/vilinloncic.com\/wordpress\/wp-content\/uploads\/2025\/04\/9-224x300.jpg 224w, https:\/\/vilinloncic.com\/wordpress\/wp-content\/uploads\/2025\/04\/9-768x1031.jpg 768w, https:\/\/vilinloncic.com\/wordpress\/wp-content\/uploads\/2025\/04\/9.jpg 1024w\" sizes=\"auto, (max-width: 763px) 100vw, 763px\" \/><\/figure>\n\n\n\n<figure class=\"wp-block-image size-large\"><img loading=\"lazy\" decoding=\"async\" width=\"768\" height=\"1024\" data-id=\"322\" src=\"https:\/\/vilinloncic.com\/wordpress\/wp-content\/uploads\/2025\/04\/10-1-768x1024.jpg\" alt=\"\" class=\"wp-image-322\" srcset=\"https:\/\/vilinloncic.com\/wordpress\/wp-content\/uploads\/2025\/04\/10-1-768x1024.jpg 768w, https:\/\/vilinloncic.com\/wordpress\/wp-content\/uploads\/2025\/04\/10-1-225x300.jpg 225w, https:\/\/vilinloncic.com\/wordpress\/wp-content\/uploads\/2025\/04\/10-1.jpg 1024w\" sizes=\"auto, (max-width: 768px) 100vw, 768px\" \/><\/figure>\n\n\n\n<figure class=\"wp-block-image size-large\"><img loading=\"lazy\" decoding=\"async\" width=\"768\" height=\"1024\" data-id=\"321\" src=\"https:\/\/vilinloncic.com\/wordpress\/wp-content\/uploads\/2025\/04\/slika-br-2-2-768x1024.jpg\" alt=\"\" class=\"wp-image-321\" srcset=\"https:\/\/vilinloncic.com\/wordpress\/wp-content\/uploads\/2025\/04\/slika-br-2-2-768x1025.jpg 768w, https:\/\/vilinloncic.com\/wordpress\/wp-content\/uploads\/2025\/04\/slika-br-2-2-225x300.jpg 225w, https:\/\/vilinloncic.com\/wordpress\/wp-content\/uploads\/2025\/04\/slika-br-2-2.jpg 1024w\" sizes=\"auto, (max-width: 768px) 100vw, 768px\" \/><\/figure>\n<\/figure>\n","protected":false},"excerpt":{"rendered":"<p>OSNOVNI TE\u010cAJ SAMONIKLOG LJEKOVITOG BILJA (Nastava se odvija u Rijeci) Pridru\u017eite nam se na fascinantnom putovanju kroz svijet samoniklog ljekovitog bilja. Ovaj temeljni te\u010daj, koji obuhva\u0107a 40 sati nastave, pru\u017eit \u0107e vam duboko razumijevanje va\u017enosti bilja, njegovih blagodati i na\u010dina kako ih sigurno i u\u010dinkovito koristiti u svakodnevnom \u017eivotu. Kroz teorijsku, prakti\u010dnu i terensku nastavu, [&hellip;]<\/p>\n","protected":false},"author":1,"featured_media":0,"parent":0,"menu_order":2,"comment_status":"closed","ping_status":"closed","template":"","meta":{"footnotes":""},"class_list":["post-107","page","type-page","status-publish","hentry"],"yoast_head":"<!-- This site is optimized with the Yoast SEO plugin v25.8 - https:\/\/yoast.com\/wordpress\/plugins\/seo\/ -->\n<title>Edukacije - Vilin Lon\u010di\u0107<\/title>\n<meta name=\"robots\" content=\"index, follow, max-snippet:-1, max-image-preview:large, max-video-preview:-1\" \/>\n<link rel=\"canonical\" href=\"https:\/\/vilinloncic.com\/wordpress\/edukacije\/\" \/>\n<meta property=\"og:locale\" content=\"en_US\" \/>\n<meta property=\"og:type\" content=\"article\" \/>\n<meta property=\"og:title\" content=\"Edukacije - Vilin Lon\u010di\u0107\" \/>\n<meta property=\"og:description\" content=\"OSNOVNI TE\u010cAJ SAMONIKLOG LJEKOVITOG BILJA (Nastava se odvija u Rijeci) Pridru\u017eite nam se na fascinantnom putovanju kroz svijet samoniklog ljekovitog bilja. Ovaj temeljni te\u010daj, koji obuhva\u0107a 40 sati nastave, pru\u017eit \u0107e vam duboko razumijevanje va\u017enosti bilja, njegovih blagodati i na\u010dina kako ih sigurno i u\u010dinkovito koristiti u svakodnevnom \u017eivotu. Kroz teorijsku, prakti\u010dnu i terensku nastavu, [&hellip;]\" \/>\n<meta property=\"og:url\" content=\"https:\/\/vilinloncic.com\/wordpress\/edukacije\/\" \/>\n<meta property=\"og:site_name\" content=\"Vilin Lon\u010di\u0107\" \/>\n<meta property=\"article:publisher\" content=\"https:\/\/www.facebook.com\/p\/Vilin-Loni-61563313227943\/\" \/>\n<meta property=\"article:modified_time\" content=\"2025-04-30T11:42:08+00:00\" \/>\n<meta property=\"og:image\" content=\"https:\/\/vilinloncic.com\/wordpress\/wp-content\/uploads\/2025\/04\/1-1.jpg\" \/>\n\t<meta property=\"og:image:width\" content=\"800\" \/>\n\t<meta property=\"og:image:height\" content=\"1066\" \/>\n\t<meta property=\"og:image:type\" content=\"image\/jpeg\" \/>\n<meta name=\"twitter:card\" content=\"summary_large_image\" \/>\n<meta name=\"twitter:label1\" content=\"Est. reading time\" \/>\n\t<meta name=\"twitter:data1\" content=\"2 minutes\" \/>\n<script type=\"application\/ld+json\" class=\"yoast-schema-graph\">{\"@context\":\"https:\/\/schema.org\",\"@graph\":[{\"@type\":\"WebPage\",\"@id\":\"https:\/\/vilinloncic.com\/wordpress\/edukacije\/\",\"url\":\"https:\/\/vilinloncic.com\/wordpress\/edukacije\/\",\"name\":\"Edukacije - Vilin Lon\u010di\u0107\",\"isPartOf\":{\"@id\":\"https:\/\/vilinloncic.com\/wordpress\/#website\"},\"primaryImageOfPage\":{\"@id\":\"https:\/\/vilinloncic.com\/wordpress\/edukacije\/#primaryimage\"},\"image\":{\"@id\":\"https:\/\/vilinloncic.com\/wordpress\/edukacije\/#primaryimage\"},\"thumbnailUrl\":\"https:\/\/vilinloncic.com\/wordpress\/wp-content\/uploads\/2025\/04\/1-1-768x1024.jpg\",\"datePublished\":\"2025-04-21T14:56:58+00:00\",\"dateModified\":\"2025-04-30T11:42:08+00:00\",\"breadcrumb\":{\"@id\":\"https:\/\/vilinloncic.com\/wordpress\/edukacije\/#breadcrumb\"},\"inLanguage\":\"en-US\",\"potentialAction\":[{\"@type\":\"ReadAction\",\"target\":[\"https:\/\/vilinloncic.com\/wordpress\/edukacije\/\"]}]},{\"@type\":\"ImageObject\",\"inLanguage\":\"en-US\",\"@id\":\"https:\/\/vilinloncic.com\/wordpress\/edukacije\/#primaryimage\",\"url\":\"https:\/\/vilinloncic.com\/wordpress\/wp-content\/uploads\/2025\/04\/1-1.jpg\",\"contentUrl\":\"https:\/\/vilinloncic.com\/wordpress\/wp-content\/uploads\/2025\/04\/1-1.jpg\",\"width\":800,\"height\":1066},{\"@type\":\"BreadcrumbList\",\"@id\":\"https:\/\/vilinloncic.com\/wordpress\/edukacije\/#breadcrumb\",\"itemListElement\":[{\"@type\":\"ListItem\",\"position\":1,\"name\":\"Home\",\"item\":\"https:\/\/vilinloncic.com\/wordpress\/\"},{\"@type\":\"ListItem\",\"position\":2,\"name\":\"Edukacije\"}]},{\"@type\":\"WebSite\",\"@id\":\"https:\/\/vilinloncic.com\/wordpress\/#website\",\"url\":\"https:\/\/vilinloncic.com\/wordpress\/\",\"name\":\"Vilin Lon\u010di\u0107\",\"description\":\"Leonora Surian\",\"potentialAction\":[{\"@type\":\"SearchAction\",\"target\":{\"@type\":\"EntryPoint\",\"urlTemplate\":\"https:\/\/vilinloncic.com\/wordpress\/?s={search_term_string}\"},\"query-input\":{\"@type\":\"PropertyValueSpecification\",\"valueRequired\":true,\"valueName\":\"search_term_string\"}}],\"inLanguage\":\"en-US\"}]}<\/script>\n<!-- \/ Yoast SEO plugin. -->","yoast_head_json":{"title":"Edukacije - Vilin Lon\u010di\u0107","robots":{"index":"index","follow":"follow","max-snippet":"max-snippet:-1","max-image-preview":"max-image-preview:large","max-video-preview":"max-video-preview:-1"},"canonical":"https:\/\/vilinloncic.com\/wordpress\/edukacije\/","og_locale":"en_US","og_type":"article","og_title":"Edukacije - Vilin Lon\u010di\u0107","og_description":"OSNOVNI TE\u010cAJ SAMONIKLOG LJEKOVITOG BILJA (Nastava se odvija u Rijeci) Pridru\u017eite nam se na fascinantnom putovanju kroz svijet samoniklog ljekovitog bilja. Ovaj temeljni te\u010daj, koji obuhva\u0107a 40 sati nastave, pru\u017eit \u0107e vam duboko razumijevanje va\u017enosti bilja, njegovih blagodati i na\u010dina kako ih sigurno i u\u010dinkovito koristiti u svakodnevnom \u017eivotu. Kroz teorijsku, prakti\u010dnu i terensku nastavu, [&hellip;]","og_url":"https:\/\/vilinloncic.com\/wordpress\/edukacije\/","og_site_name":"Vilin Lon\u010di\u0107","article_publisher":"https:\/\/www.facebook.com\/p\/Vilin-Loni-61563313227943\/","article_modified_time":"2025-04-30T11:42:08+00:00","og_image":[{"width":800,"height":1066,"url":"https:\/\/vilinloncic.com\/wordpress\/wp-content\/uploads\/2025\/04\/1-1.jpg","type":"image\/jpeg"}],"twitter_card":"summary_large_image","twitter_misc":{"Est. reading time":"2 minutes"},"schema":{"@context":"https:\/\/schema.org","@graph":[{"@type":"WebPage","@id":"https:\/\/vilinloncic.com\/wordpress\/edukacije\/","url":"https:\/\/vilinloncic.com\/wordpress\/edukacije\/","name":"Edukacije - Vilin Lon\u010di\u0107","isPartOf":{"@id":"https:\/\/vilinloncic.com\/wordpress\/#website"},"primaryImageOfPage":{"@id":"https:\/\/vilinloncic.com\/wordpress\/edukacije\/#primaryimage"},"image":{"@id":"https:\/\/vilinloncic.com\/wordpress\/edukacije\/#primaryimage"},"thumbnailUrl":"https:\/\/vilinloncic.com\/wordpress\/wp-content\/uploads\/2025\/04\/1-1-768x1024.jpg","datePublished":"2025-04-21T14:56:58+00:00","dateModified":"2025-04-30T11:42:08+00:00","breadcrumb":{"@id":"https:\/\/vilinloncic.com\/wordpress\/edukacije\/#breadcrumb"},"inLanguage":"en-US","potentialAction":[{"@type":"ReadAction","target":["https:\/\/vilinloncic.com\/wordpress\/edukacije\/"]}]},{"@type":"ImageObject","inLanguage":"en-US","@id":"https:\/\/vilinloncic.com\/wordpress\/edukacije\/#primaryimage","url":"https:\/\/vilinloncic.com\/wordpress\/wp-content\/uploads\/2025\/04\/1-1.jpg","contentUrl":"https:\/\/vilinloncic.com\/wordpress\/wp-content\/uploads\/2025\/04\/1-1.jpg","width":800,"height":1066},{"@type":"BreadcrumbList","@id":"https:\/\/vilinloncic.com\/wordpress\/edukacije\/#breadcrumb","itemListElement":[{"@type":"ListItem","position":1,"name":"Home","item":"https:\/\/vilinloncic.com\/wordpress\/"},{"@type":"ListItem","position":2,"name":"Edukacije"}]},{"@type":"WebSite","@id":"https:\/\/vilinloncic.com\/wordpress\/#website","url":"https:\/\/vilinloncic.com\/wordpress\/","name":"Vilin Lon\u010di\u0107","description":"Leonora Surian","potentialAction":[{"@type":"SearchAction","target":{"@type":"EntryPoint","urlTemplate":"https:\/\/vilinloncic.com\/wordpress\/?s={search_term_string}"},"query-input":{"@type":"PropertyValueSpecification","valueRequired":true,"valueName":"search_term_string"}}],"inLanguage":"en-US"}]}},"_links":{"self":[{"href":"https:\/\/vilinloncic.com\/wordpress\/wp-json\/wp\/v2\/pages\/107","targetHints":{"allow":["GET"]}}],"collection":[{"href":"https:\/\/vilinloncic.com\/wordpress\/wp-json\/wp\/v2\/pages"}],"about":[{"href":"https:\/\/vilinloncic.com\/wordpress\/wp-json\/wp\/v2\/types\/page"}],"author":[{"embeddable":true,"href":"https:\/\/vilinloncic.com\/wordpress\/wp-json\/wp\/v2\/users\/1"}],"replies":[{"embeddable":true,"href":"https:\/\/vilinloncic.com\/wordpress\/wp-json\/wp\/v2\/comments?post=107"}],"version-history":[{"count":7,"href":"https:\/\/vilinloncic.com\/wordpress\/wp-json\/wp\/v2\/pages\/107\/revisions"}],"predecessor-version":[{"id":326,"href":"https:\/\/vilinloncic.com\/wordpress\/wp-json\/wp\/v2\/pages\/107\/revisions\/326"}],"wp:attachment":[{"href":"https:\/\/vilinloncic.com\/wordpress\/wp-json\/wp\/v2\/media?parent=107"}],"curies":[{"name":"wp","href":"https:\/\/api.w.org\/{rel}","templated":true}]}}