


{"id":105,"date":"2025-04-21T14:54:41","date_gmt":"2025-04-21T14:54:41","guid":{"rendered":"https:\/\/vilinloncic.com\/wordpress\/?page_id=105"},"modified":"2026-01-22T19:48:11","modified_gmt":"2026-01-22T19:48:11","slug":"o-meni","status":"publish","type":"page","link":"https:\/\/vilinloncic.com\/wordpress\/o-meni\/","title":{"rendered":"O meni"},"content":{"rendered":"\n<p>Moje ime je Leonora Surian Popov, po zanimanju glumica, nacionalna prvakinja drame i prvakinja Hrvatskog narodnog kazali\u0161ta Ivana pl. Zajca u Rijeci. Me\u0111utim, malo tko zna da ve\u0107 vi\u0161e od 12 godina \u017eivim u doticaju s prirodom, upijaju\u0107i njezine tajne i darove, osobito kada je rije\u010d o bilju.<\/p>\n\n\n\n<p>Kroz godine istra\u017eivanja i u\u010denja od najistaknutijih travara, aromaterapeuta i fitoterapeuta, u meni je rasla sve dublja ljubav prema prirodi i njezinim neizmjernim blagodatima. U\u010dim od starijih \u017eena koje generacijama \u010duvaju i prenose znanje o misti\u010dnom svijetu ljekovitog bilja, te s pa\u017enjom i divljenjem oslu\u0161kujem ritmove \u0161umskog i livadnog svijeta. S vremenom sam se neprestano \u0161kolovala i usavr\u0161avala svoje vje\u0161tine, \u010dime sam oja\u010dala svoju stru\u010dnost u ovom podru\u010dju.<\/p>\n\n\n\n<p>Danas sam kvalificirana herbalistica i fitoterapeutkinja, kvalificirana za izradu kozmetike od ljekovitog bilja.<\/p>\n\n\n\n<p>Moja dugogodi\u0161nja strast prema bilju danas \u017eivi kroz biljni atelje \u201eVilin Lon\u010di\u0107\u201c. Tu, s ljubavlju i entuzijazmom, prenosim svoje znanje o ljekovitom samoniklom bilju, njegovoj preradi i branju. Ujedno, provodim edukacije i terensku nastavu s ciljem bu\u0111enja svijesti o va\u017enosti o\u010duvanja prirode i \u017eivota u harmoniji s njom.<\/p>\n\n\n\n<p>Kroz moje radionice, zakora\u010dit \u0107ete su u svijet ljekovitosti i prirodnih ljepota. Aktivno sura\u0111ujem s brojnim \u0161kolama, vrti\u0107ima i institucijama, me\u0111u kojima je i Narodno U\u010dili\u0161te u Rijeci, gdje sam 2004. godine predavala u sklopu EU projekta SIGA (Senior In Green Action). Tako\u0111er redovito dr\u017eim predavanja i radionice na Festivalu samoniklog bilja u Kr\u0161anu, nedaleko od mog biljnog ateljea.<\/p>\n\n\n\n<p>Moj cilj je podijeliti znanje o snazi prirode i pomo\u0107i ljudima da kroz ljekovito bilje o\u010duvaju zdravlje na jednostavan i prirodan na\u010din. Kroz prakti\u010dan rad i radionice u\u010dim kako stvoriti vlastitu biljnu ljekarnu i svakodnevno koristiti darove prirode za dobrobit cijele obitelji.<br>Uz svoj prakti\u010dni rad, pi\u0161em i ekskluzivnu kolumnu \u201eLeonorin biljni kutak\u201c za portal<strong> <a href=\"http:\/\/teklic.hr\">teklic.hr<\/a><\/strong>, u kojoj dijelim znanja i iskustva o ljekovitom bilju.<\/p>\n\n\n\n<p><\/p>\n\n\n\n<p><strong>\u0160kolovanje:<\/strong><\/p>\n\n\n\n<p><em>Studio Martina&amp;Natura (2015.)<\/em><\/p>\n\n\n\n<p><em>U\u010dili\u0161te Galbanum \u2013 Fitoterapija (2023.)<\/em><\/p>\n\n\n\n<p><em>Narodno U\u010dili\u0161te u Rijeci- &nbsp;Kvalifikacija za izradu prirodne kozmetike na bazi ljekovitog bilja (2024.)<\/em><\/p>\n\n\n\n<p><em>Sveu\u010dili\u0161te u Rijeci- Farmaceutska botanika s farmakognozijom- Stribor Markovi\u0107 (2026.)<\/em><\/p>\n\n\n<div class=\"wp-block-image\">\n<figure class=\"aligncenter size-full is-resized\"><a href=\"https:\/\/www.gloria.hr\/gl\/scena\/price\/obiteljska-idila-leonore-surian-popov-ljeto-u-kamenoj-kuci-okruzenoj-poljima-suncokreta-i-pod-debelim-hladom-stabla-ladonje-15488168\"><img loading=\"lazy\" decoding=\"async\" width=\"1024\" height=\"769\" src=\"https:\/\/vilinloncic.com\/wordpress\/wp-content\/uploads\/2025\/04\/Slika-za-poglavlje-O-MENI-3.jpg\" alt=\"\" class=\"wp-image-58\" style=\"width:750px\" srcset=\"https:\/\/vilinloncic.com\/wordpress\/wp-content\/uploads\/2025\/04\/Slika-za-poglavlje-O-MENI-3.jpg 1024w, https:\/\/vilinloncic.com\/wordpress\/wp-content\/uploads\/2025\/04\/Slika-za-poglavlje-O-MENI-3-300x225.jpg 300w, https:\/\/vilinloncic.com\/wordpress\/wp-content\/uploads\/2025\/04\/Slika-za-poglavlje-O-MENI-3-768x577.jpg 768w\" sizes=\"auto, (max-width: 1024px) 100vw, 1024px\" \/><\/a><figcaption class=\"wp-element-caption\"><a href=\"https:\/\/www.gloria.hr\/gl\/scena\/price\/obiteljska-idila-leonore-surian-popov-ljeto-u-kamenoj-kuci-okruzenoj-poljima-suncokreta-i-pod-debelim-hladom-stabla-ladonje-15488168\">@Cropix i @Gloria<\/a><\/figcaption><\/figure>\n<\/div>\n\n\n<h2 class=\"wp-block-heading\">Biljni atelje- Vilin Lon\u010di\u0107<\/h2>\n\n\n\n<p>U malom mjestu, pod obroncima U\u010dke, smje\u0161tenom u obiteljskom selu koje generacijama \u010duva tradiciju \u017eivota u harmoniji s prirodom, od prolje\u0107a do jeseni, u jednoj maloj kamenoj ku\u0107ici, travarka Leonora nestrpljivo \u010deka da vas povede na putovanje kroz svijet samoniklog ljekovitog bilja i tajne tradicionalnih recepata.<\/p>\n\n\n\n<p>Herbalistica i fitoterapeutkinja, s ljubavlju prema bilju, pretvorila je svoju strast u \u010darobni <strong>biljni atelje \u201eVilin Lon\u010di\u0107\u201c.<\/strong><\/p>\n\n\n\n<p>U tom magi\u010dnom svijetu, gdje se ljubav prema prirodi i znanje o ljekovitom i jestivom bilju spajaju, otvaraju se vrata radionica i edukacija koje donose dublje razumijevanje o va\u017enosti o\u010duvanja prirode i \u017eivota u skladu s njom. Namijenjene su svim generacijama, odraslima i djeci, kako bi zajedno osvje\u017eili svijest o snazi koju nam priroda nudi.<\/p>\n\n\n\n<p>Osim aktivnih radionica, Leonora se bavi uzgojem, branjem i prera\u0111ivanjem ljekovitog bilja u osobne svrhe, stvaraju\u0107i prirodne i ljekovite pripravke koji u sebi nose svu snagu sunca, ljekovitost biljaka i ljepotu tog kr\u0161evitog podneblja. Svaki cvijet, list, sjeme i korijen ljekovite biljke sakuplja rukom, s ljubavlju, na netaknutim i \u010distim podru\u010djima, u trenutku kada je ljekovitost biljke najsna\u017enija i najblagotvornija. Svaka \u0161etnja vra\u0107a je ku\u0107i s ko\u0161aricom ispunjenom zdravljem i ljepotom.<\/p>\n\n\n\n<p>Kao strastvena ljubiteljica divlje hrane, prolje\u0107e je njezino najljep\u0161e doba, jer tada lutaju\u0107i livadama i \u0161umama pronalazi samoniklo jestivo bilje, koje, u kombinaciji s doma\u0107im i lokalnim namirnicama, pretvara u ukusan i zdrav obrok za cijelu obitelj.<\/p>\n\n\n\n<p>Pridru\u017eite se Leonori i nau\u010dite kako prepoznati i koristiti prirodne resurse, kako izgraditi svoju malu ku\u0107nu biljnu ljekarnu, pobolj\u0161ati svoje zdravlje te potaknuti djecu na usvajanje zdravih \u017eivotnih navika od malih nogu.<\/p>\n\n\n\n<p>Do\u0111ite i zakora\u010dite u svijet ljekovitosti i ljepote prirode, gdje svaka biljka ima svoju pri\u010du, a svaki trenutak donosi novu spoznaju.<\/p>\n\n\n\n<figure class=\"wp-block-gallery aligncenter has-nested-images columns-default is-cropped wp-block-gallery-1 is-layout-flex wp-block-gallery-is-layout-flex\">\n<figure class=\"wp-block-image size-large\"><img loading=\"lazy\" decoding=\"async\" width=\"774\" height=\"1024\" data-id=\"434\" src=\"https:\/\/vilinloncic.com\/wordpress\/wp-content\/uploads\/2025\/08\/WhatsApp-Image-2025-08-16-at-18.59.52-774x1024.jpeg\" alt=\"\" class=\"wp-image-434\" srcset=\"https:\/\/vilinloncic.com\/wordpress\/wp-content\/uploads\/2025\/08\/WhatsApp-Image-2025-08-16-at-18.59.52-774x1024.jpeg 774w, https:\/\/vilinloncic.com\/wordpress\/wp-content\/uploads\/2025\/08\/WhatsApp-Image-2025-08-16-at-18.59.52-227x300.jpeg 227w, https:\/\/vilinloncic.com\/wordpress\/wp-content\/uploads\/2025\/08\/WhatsApp-Image-2025-08-16-at-18.59.52-768x1016.jpeg 768w, https:\/\/vilinloncic.com\/wordpress\/wp-content\/uploads\/2025\/08\/WhatsApp-Image-2025-08-16-at-18.59.52-1161x1536.jpeg 1161w, https:\/\/vilinloncic.com\/wordpress\/wp-content\/uploads\/2025\/08\/WhatsApp-Image-2025-08-16-at-18.59.52.jpeg 1548w\" sizes=\"auto, (max-width: 774px) 100vw, 774px\" \/><\/figure>\n\n\n\n<figure class=\"wp-block-image size-large\"><img loading=\"lazy\" decoding=\"async\" width=\"768\" height=\"1024\" data-id=\"397\" src=\"https:\/\/vilinloncic.com\/wordpress\/wp-content\/uploads\/2025\/04\/slika-br-1-1-1-1-768x1024.jpg\" alt=\"\" class=\"wp-image-397\" srcset=\"https:\/\/vilinloncic.com\/wordpress\/wp-content\/uploads\/2025\/04\/slika-br-1-1-1-1-768x1024.jpg 768w, https:\/\/vilinloncic.com\/wordpress\/wp-content\/uploads\/2025\/04\/slika-br-1-1-1-1-225x300.jpg 225w, https:\/\/vilinloncic.com\/wordpress\/wp-content\/uploads\/2025\/04\/slika-br-1-1-1-1.jpg 1000w\" sizes=\"auto, (max-width: 768px) 100vw, 768px\" \/><\/figure>\n<\/figure>\n","protected":false},"excerpt":{"rendered":"<p>Moje ime je Leonora Surian Popov, po zanimanju glumica, nacionalna prvakinja drame i prvakinja Hrvatskog narodnog kazali\u0161ta Ivana pl. Zajca u Rijeci. Me\u0111utim, malo tko zna da ve\u0107 vi\u0161e od 12 godina \u017eivim u doticaju s prirodom, upijaju\u0107i njezine tajne i darove, osobito kada je rije\u010d o bilju. Kroz godine istra\u017eivanja i u\u010denja od najistaknutijih [&hellip;]<\/p>\n","protected":false},"author":1,"featured_media":0,"parent":0,"menu_order":0,"comment_status":"closed","ping_status":"closed","template":"","meta":{"footnotes":""},"class_list":["post-105","page","type-page","status-publish","hentry"],"yoast_head":"<!-- This site is optimized with the Yoast SEO plugin v25.8 - https:\/\/yoast.com\/wordpress\/plugins\/seo\/ -->\n<title>O meni - Vilin Lon\u010di\u0107<\/title>\n<meta name=\"robots\" content=\"index, follow, max-snippet:-1, max-image-preview:large, max-video-preview:-1\" \/>\n<link rel=\"canonical\" href=\"https:\/\/vilinloncic.com\/wordpress\/o-meni\/\" \/>\n<meta property=\"og:locale\" content=\"en_US\" \/>\n<meta property=\"og:type\" content=\"article\" \/>\n<meta property=\"og:title\" content=\"O meni - Vilin Lon\u010di\u0107\" \/>\n<meta property=\"og:description\" content=\"Moje ime je Leonora Surian Popov, po zanimanju glumica, nacionalna prvakinja drame i prvakinja Hrvatskog narodnog kazali\u0161ta Ivana pl. Zajca u Rijeci. Me\u0111utim, malo tko zna da ve\u0107 vi\u0161e od 12 godina \u017eivim u doticaju s prirodom, upijaju\u0107i njezine tajne i darove, osobito kada je rije\u010d o bilju. Kroz godine istra\u017eivanja i u\u010denja od najistaknutijih [&hellip;]\" \/>\n<meta property=\"og:url\" content=\"https:\/\/vilinloncic.com\/wordpress\/o-meni\/\" \/>\n<meta property=\"og:site_name\" content=\"Vilin Lon\u010di\u0107\" \/>\n<meta property=\"article:publisher\" content=\"https:\/\/www.facebook.com\/p\/Vilin-Loni-61563313227943\/\" \/>\n<meta property=\"article:modified_time\" content=\"2026-01-22T19:48:11+00:00\" \/>\n<meta property=\"og:image\" content=\"https:\/\/vilinloncic.com\/wordpress\/wp-content\/uploads\/2025\/04\/Slika-za-poglavlje-O-MENI-3.jpg\" \/>\n\t<meta property=\"og:image:width\" content=\"1024\" \/>\n\t<meta property=\"og:image:height\" content=\"769\" \/>\n\t<meta property=\"og:image:type\" content=\"image\/jpeg\" \/>\n<meta name=\"twitter:card\" content=\"summary_large_image\" \/>\n<meta name=\"twitter:label1\" content=\"Est. reading time\" \/>\n\t<meta name=\"twitter:data1\" content=\"4 minutes\" \/>\n<script type=\"application\/ld+json\" class=\"yoast-schema-graph\">{\"@context\":\"https:\/\/schema.org\",\"@graph\":[{\"@type\":\"WebPage\",\"@id\":\"https:\/\/vilinloncic.com\/wordpress\/o-meni\/\",\"url\":\"https:\/\/vilinloncic.com\/wordpress\/o-meni\/\",\"name\":\"O meni - Vilin Lon\u010di\u0107\",\"isPartOf\":{\"@id\":\"https:\/\/vilinloncic.com\/wordpress\/#website\"},\"primaryImageOfPage\":{\"@id\":\"https:\/\/vilinloncic.com\/wordpress\/o-meni\/#primaryimage\"},\"image\":{\"@id\":\"https:\/\/vilinloncic.com\/wordpress\/o-meni\/#primaryimage\"},\"thumbnailUrl\":\"https:\/\/vilinloncic.com\/wordpress\/wp-content\/uploads\/2025\/04\/Slika-za-poglavlje-O-MENI-3.jpg\",\"datePublished\":\"2025-04-21T14:54:41+00:00\",\"dateModified\":\"2026-01-22T19:48:11+00:00\",\"breadcrumb\":{\"@id\":\"https:\/\/vilinloncic.com\/wordpress\/o-meni\/#breadcrumb\"},\"inLanguage\":\"en-US\",\"potentialAction\":[{\"@type\":\"ReadAction\",\"target\":[\"https:\/\/vilinloncic.com\/wordpress\/o-meni\/\"]}]},{\"@type\":\"ImageObject\",\"inLanguage\":\"en-US\",\"@id\":\"https:\/\/vilinloncic.com\/wordpress\/o-meni\/#primaryimage\",\"url\":\"https:\/\/vilinloncic.com\/wordpress\/wp-content\/uploads\/2025\/04\/Slika-za-poglavlje-O-MENI-3.jpg\",\"contentUrl\":\"https:\/\/vilinloncic.com\/wordpress\/wp-content\/uploads\/2025\/04\/Slika-za-poglavlje-O-MENI-3.jpg\",\"width\":1024,\"height\":769},{\"@type\":\"BreadcrumbList\",\"@id\":\"https:\/\/vilinloncic.com\/wordpress\/o-meni\/#breadcrumb\",\"itemListElement\":[{\"@type\":\"ListItem\",\"position\":1,\"name\":\"Home\",\"item\":\"https:\/\/vilinloncic.com\/wordpress\/\"},{\"@type\":\"ListItem\",\"position\":2,\"name\":\"O meni\"}]},{\"@type\":\"WebSite\",\"@id\":\"https:\/\/vilinloncic.com\/wordpress\/#website\",\"url\":\"https:\/\/vilinloncic.com\/wordpress\/\",\"name\":\"Vilin Lon\u010di\u0107\",\"description\":\"Leonora Surian\",\"potentialAction\":[{\"@type\":\"SearchAction\",\"target\":{\"@type\":\"EntryPoint\",\"urlTemplate\":\"https:\/\/vilinloncic.com\/wordpress\/?s={search_term_string}\"},\"query-input\":{\"@type\":\"PropertyValueSpecification\",\"valueRequired\":true,\"valueName\":\"search_term_string\"}}],\"inLanguage\":\"en-US\"}]}<\/script>\n<!-- \/ Yoast SEO plugin. -->","yoast_head_json":{"title":"O meni - Vilin Lon\u010di\u0107","robots":{"index":"index","follow":"follow","max-snippet":"max-snippet:-1","max-image-preview":"max-image-preview:large","max-video-preview":"max-video-preview:-1"},"canonical":"https:\/\/vilinloncic.com\/wordpress\/o-meni\/","og_locale":"en_US","og_type":"article","og_title":"O meni - Vilin Lon\u010di\u0107","og_description":"Moje ime je Leonora Surian Popov, po zanimanju glumica, nacionalna prvakinja drame i prvakinja Hrvatskog narodnog kazali\u0161ta Ivana pl. Zajca u Rijeci. Me\u0111utim, malo tko zna da ve\u0107 vi\u0161e od 12 godina \u017eivim u doticaju s prirodom, upijaju\u0107i njezine tajne i darove, osobito kada je rije\u010d o bilju. Kroz godine istra\u017eivanja i u\u010denja od najistaknutijih [&hellip;]","og_url":"https:\/\/vilinloncic.com\/wordpress\/o-meni\/","og_site_name":"Vilin Lon\u010di\u0107","article_publisher":"https:\/\/www.facebook.com\/p\/Vilin-Loni-61563313227943\/","article_modified_time":"2026-01-22T19:48:11+00:00","og_image":[{"width":1024,"height":769,"url":"https:\/\/vilinloncic.com\/wordpress\/wp-content\/uploads\/2025\/04\/Slika-za-poglavlje-O-MENI-3.jpg","type":"image\/jpeg"}],"twitter_card":"summary_large_image","twitter_misc":{"Est. reading time":"4 minutes"},"schema":{"@context":"https:\/\/schema.org","@graph":[{"@type":"WebPage","@id":"https:\/\/vilinloncic.com\/wordpress\/o-meni\/","url":"https:\/\/vilinloncic.com\/wordpress\/o-meni\/","name":"O meni - Vilin Lon\u010di\u0107","isPartOf":{"@id":"https:\/\/vilinloncic.com\/wordpress\/#website"},"primaryImageOfPage":{"@id":"https:\/\/vilinloncic.com\/wordpress\/o-meni\/#primaryimage"},"image":{"@id":"https:\/\/vilinloncic.com\/wordpress\/o-meni\/#primaryimage"},"thumbnailUrl":"https:\/\/vilinloncic.com\/wordpress\/wp-content\/uploads\/2025\/04\/Slika-za-poglavlje-O-MENI-3.jpg","datePublished":"2025-04-21T14:54:41+00:00","dateModified":"2026-01-22T19:48:11+00:00","breadcrumb":{"@id":"https:\/\/vilinloncic.com\/wordpress\/o-meni\/#breadcrumb"},"inLanguage":"en-US","potentialAction":[{"@type":"ReadAction","target":["https:\/\/vilinloncic.com\/wordpress\/o-meni\/"]}]},{"@type":"ImageObject","inLanguage":"en-US","@id":"https:\/\/vilinloncic.com\/wordpress\/o-meni\/#primaryimage","url":"https:\/\/vilinloncic.com\/wordpress\/wp-content\/uploads\/2025\/04\/Slika-za-poglavlje-O-MENI-3.jpg","contentUrl":"https:\/\/vilinloncic.com\/wordpress\/wp-content\/uploads\/2025\/04\/Slika-za-poglavlje-O-MENI-3.jpg","width":1024,"height":769},{"@type":"BreadcrumbList","@id":"https:\/\/vilinloncic.com\/wordpress\/o-meni\/#breadcrumb","itemListElement":[{"@type":"ListItem","position":1,"name":"Home","item":"https:\/\/vilinloncic.com\/wordpress\/"},{"@type":"ListItem","position":2,"name":"O meni"}]},{"@type":"WebSite","@id":"https:\/\/vilinloncic.com\/wordpress\/#website","url":"https:\/\/vilinloncic.com\/wordpress\/","name":"Vilin Lon\u010di\u0107","description":"Leonora Surian","potentialAction":[{"@type":"SearchAction","target":{"@type":"EntryPoint","urlTemplate":"https:\/\/vilinloncic.com\/wordpress\/?s={search_term_string}"},"query-input":{"@type":"PropertyValueSpecification","valueRequired":true,"valueName":"search_term_string"}}],"inLanguage":"en-US"}]}},"_links":{"self":[{"href":"https:\/\/vilinloncic.com\/wordpress\/wp-json\/wp\/v2\/pages\/105","targetHints":{"allow":["GET"]}}],"collection":[{"href":"https:\/\/vilinloncic.com\/wordpress\/wp-json\/wp\/v2\/pages"}],"about":[{"href":"https:\/\/vilinloncic.com\/wordpress\/wp-json\/wp\/v2\/types\/page"}],"author":[{"embeddable":true,"href":"https:\/\/vilinloncic.com\/wordpress\/wp-json\/wp\/v2\/users\/1"}],"replies":[{"embeddable":true,"href":"https:\/\/vilinloncic.com\/wordpress\/wp-json\/wp\/v2\/comments?post=105"}],"version-history":[{"count":14,"href":"https:\/\/vilinloncic.com\/wordpress\/wp-json\/wp\/v2\/pages\/105\/revisions"}],"predecessor-version":[{"id":471,"href":"https:\/\/vilinloncic.com\/wordpress\/wp-json\/wp\/v2\/pages\/105\/revisions\/471"}],"wp:attachment":[{"href":"https:\/\/vilinloncic.com\/wordpress\/wp-json\/wp\/v2\/media?parent=105"}],"curies":[{"name":"wp","href":"https:\/\/api.w.org\/{rel}","templated":true}]}}